{"id":1481,"date":"2024-07-26T17:22:05","date_gmt":"2024-07-26T15:22:05","guid":{"rendered":"https:\/\/campingduinhoeve.com\/?page_id=1481"},"modified":"2025-10-29T11:29:05","modified_gmt":"2025-10-29T10:29:05","slug":"1481-2","status":"publish","type":"page","link":"https:\/\/campingduinhoeve.com\/de\/1481-2\/","title":{"rendered":""},"content":{"rendered":"<p>Unser Angebot:<\/p>\n<p>Wir bieten:<\/p>\n<p>16 ger\u00e4umige Zeltpl\u00e4tze, teilweise mit Plateau, auf einer windgesch\u00fctzten Wiese, ausgestattet mit Stromanschluss (6 Ampere);<\/p>\n<p>Sanit\u00e4ranlagen mit 2 Duschen, 2 Toiletten und 2 Waschbecken mit Warm- und Kaltwasser;<\/p>\n<p>1 abschlie\u00dfbarer Waschraum mit 1 Dusche, 1 Toilette und einem Waschbecken mit Warm- und Kaltwasser;<\/p>\n<p>1 Urinal;<\/p>\n<p>Entleerungsm\u00f6glichkeiten f\u00fcr Chemietoiletten;<\/p>\n<p>Bef\u00fcllungs- und Entleerungsm\u00f6glichkeiten f\u00fcr Wassertanks;<\/p>\n<p>Zentrale Wassertank-Bef\u00fcll- und -Entleerungsstelle f\u00fcr Camper und andere Campingausr\u00fcstung;<\/p>\n<p>Kostenloses WLAN;<\/p>\n<p>Ein Bereich f\u00fcr Brosch\u00fcren und touristische Informationen;<\/p>\n<p>Ein \u00fcberdachter Fahrradschuppen mit Ladestationen f\u00fcr E-Bikes;<\/p>\n<p>Ein Sp\u00fcl- und Waschbereich;<\/p>\n<p>Waschmaschine und Trockner (gegen Geb\u00fchr).<\/p>\n","protected":false},"excerpt":{"rendered":"<p>Unser Angebot: Wir bieten: 16 ger\u00e4umige Zeltpl\u00e4tze, teilweise mit Plateau, auf einer windgesch\u00fctzten Wiese, ausgestattet mit Stromanschluss (6 Ampere); Sanit\u00e4ranlagen mit 2 Duschen, 2 Toiletten und 2 Waschbecken mit Warm- und Kaltwasser; 1 abschlie\u00dfbarer Waschraum mit 1 Dusche, 1 Toilette und einem Waschbecken mit Warm- und Kaltwasser; 1 Urinal; Entleerungsm\u00f6glichkeiten f\u00fcr Chemietoiletten; Bef\u00fcllungs- und Entleerungsm\u00f6glichkeiten [&hellip;]<\/p>\n","protected":false},"author":2,"featured_media":0,"parent":0,"menu_order":0,"comment_status":"closed","ping_status":"closed","template":"","meta":{"_acf_changed":false,"footnotes":""},"class_list":["post-1481","page","type-page","status-publish","hentry"],"acf":[],"yoast_head":"<!-- This site is optimized with the Yoast SEO plugin v25.4 - https:\/\/yoast.com\/wordpress\/plugins\/seo\/ -->\n<title>- Camping Duinhoeve Den Helder<\/title>\n<meta name=\"robots\" content=\"index, follow, max-snippet:-1, max-image-preview:large, max-video-preview:-1\" \/>\n<link rel=\"canonical\" href=\"https:\/\/campingduinhoeve.com\/de\/1481-2\/\" \/>\n<meta property=\"og:locale\" content=\"de_DE\" \/>\n<meta property=\"og:type\" content=\"article\" \/>\n<meta property=\"og:title\" content=\"- Camping Duinhoeve Den Helder\" \/>\n<meta property=\"og:description\" content=\"Unser Angebot: Wir bieten: 16 ger\u00e4umige Zeltpl\u00e4tze, teilweise mit Plateau, auf einer windgesch\u00fctzten Wiese, ausgestattet mit Stromanschluss (6 Ampere); Sanit\u00e4ranlagen mit 2 Duschen, 2 Toiletten und 2 Waschbecken mit Warm- und Kaltwasser; 1 abschlie\u00dfbarer Waschraum mit 1 Dusche, 1 Toilette und einem Waschbecken mit Warm- und Kaltwasser; 1 Urinal; Entleerungsm\u00f6glichkeiten f\u00fcr Chemietoiletten; Bef\u00fcllungs- und Entleerungsm\u00f6glichkeiten [&hellip;]\" \/>\n<meta property=\"og:url\" content=\"https:\/\/campingduinhoeve.com\/de\/1481-2\/\" \/>\n<meta property=\"og:site_name\" content=\"Camping Duinhoeve Den Helder\" \/>\n<meta property=\"article:publisher\" content=\"https:\/\/www.facebook.com\/CampingDuinhoeve\" \/>\n<meta property=\"article:modified_time\" content=\"2025-10-29T10:29:05+00:00\" \/>\n<meta property=\"og:image\" content=\"https:\/\/campingduinhoeve.com\/wp-content\/uploads\/2023\/07\/duinhoeve_og.jpg\" \/>\n\t<meta property=\"og:image:width\" content=\"1200\" \/>\n\t<meta property=\"og:image:height\" content=\"675\" \/>\n\t<meta property=\"og:image:type\" content=\"image\/jpeg\" \/>\n<meta name=\"twitter:card\" content=\"summary_large_image\" \/>\n<meta name=\"twitter:label1\" content=\"Gesch\u00e4tzte Lesezeit\" \/>\n\t<meta name=\"twitter:data1\" content=\"1\u00a0Minute\" \/>\n<script type=\"application\/ld+json\" class=\"yoast-schema-graph\">{\"@context\":\"https:\/\/schema.org\",\"@graph\":[{\"@type\":\"WebPage\",\"@id\":\"https:\/\/campingduinhoeve.com\/de\/1481-2\/\",\"url\":\"https:\/\/campingduinhoeve.com\/de\/1481-2\/\",\"name\":\"- Camping Duinhoeve Den Helder\",\"isPartOf\":{\"@id\":\"https:\/\/campingduinhoeve.com\/de\/#website\"},\"datePublished\":\"2024-07-26T15:22:05+00:00\",\"dateModified\":\"2025-10-29T10:29:05+00:00\",\"inLanguage\":\"de\",\"potentialAction\":[{\"@type\":\"ReadAction\",\"target\":[\"https:\/\/campingduinhoeve.com\/de\/1481-2\/\"]}]},{\"@type\":\"WebSite\",\"@id\":\"https:\/\/campingduinhoeve.com\/de\/#website\",\"url\":\"https:\/\/campingduinhoeve.com\/de\/\",\"name\":\"Camping Duinhoeve Den Helder\",\"description\":\"Centraal gelegen minicamping met rust en ruimte\",\"publisher\":{\"@id\":\"https:\/\/campingduinhoeve.com\/de\/#organization\"},\"alternateName\":\"Minicamping Duinhoeve\",\"potentialAction\":[{\"@type\":\"SearchAction\",\"target\":{\"@type\":\"EntryPoint\",\"urlTemplate\":\"https:\/\/campingduinhoeve.com\/de\/?s={search_term_string}\"},\"query-input\":{\"@type\":\"PropertyValueSpecification\",\"valueRequired\":true,\"valueName\":\"search_term_string\"}}],\"inLanguage\":\"de\"},{\"@type\":\"Organization\",\"@id\":\"https:\/\/campingduinhoeve.com\/de\/#organization\",\"name\":\"Camping Duinhoeve\",\"alternateName\":\"Minicamping Duinhoeve\",\"url\":\"https:\/\/campingduinhoeve.com\/de\/\",\"logo\":{\"@type\":\"ImageObject\",\"inLanguage\":\"de\",\"@id\":\"https:\/\/campingduinhoeve.com\/de\/#\/schema\/logo\/image\/\",\"url\":\"https:\/\/campingduinhoeve.com\/wp-content\/uploads\/2023\/07\/Yoast-1x1-1.jpg\",\"contentUrl\":\"https:\/\/campingduinhoeve.com\/wp-content\/uploads\/2023\/07\/Yoast-1x1-1.jpg\",\"width\":696,\"height\":696,\"caption\":\"Camping Duinhoeve\"},\"image\":{\"@id\":\"https:\/\/campingduinhoeve.com\/de\/#\/schema\/logo\/image\/\"},\"sameAs\":[\"https:\/\/www.facebook.com\/CampingDuinhoeve\"]}]}<\/script>\n<!-- \/ Yoast SEO plugin. -->","yoast_head_json":{"title":"- Camping Duinhoeve Den Helder","robots":{"index":"index","follow":"follow","max-snippet":"max-snippet:-1","max-image-preview":"max-image-preview:large","max-video-preview":"max-video-preview:-1"},"canonical":"https:\/\/campingduinhoeve.com\/de\/1481-2\/","og_locale":"de_DE","og_type":"article","og_title":"- Camping Duinhoeve Den Helder","og_description":"Unser Angebot: Wir bieten: 16 ger\u00e4umige Zeltpl\u00e4tze, teilweise mit Plateau, auf einer windgesch\u00fctzten Wiese, ausgestattet mit Stromanschluss (6 Ampere); Sanit\u00e4ranlagen mit 2 Duschen, 2 Toiletten und 2 Waschbecken mit Warm- und Kaltwasser; 1 abschlie\u00dfbarer Waschraum mit 1 Dusche, 1 Toilette und einem Waschbecken mit Warm- und Kaltwasser; 1 Urinal; Entleerungsm\u00f6glichkeiten f\u00fcr Chemietoiletten; Bef\u00fcllungs- und Entleerungsm\u00f6glichkeiten [&hellip;]","og_url":"https:\/\/campingduinhoeve.com\/de\/1481-2\/","og_site_name":"Camping Duinhoeve Den Helder","article_publisher":"https:\/\/www.facebook.com\/CampingDuinhoeve","article_modified_time":"2025-10-29T10:29:05+00:00","og_image":[{"width":1200,"height":675,"url":"https:\/\/campingduinhoeve.com\/wp-content\/uploads\/2023\/07\/duinhoeve_og.jpg","type":"image\/jpeg"}],"twitter_card":"summary_large_image","twitter_misc":{"Gesch\u00e4tzte Lesezeit":"1\u00a0Minute"},"schema":{"@context":"https:\/\/schema.org","@graph":[{"@type":"WebPage","@id":"https:\/\/campingduinhoeve.com\/de\/1481-2\/","url":"https:\/\/campingduinhoeve.com\/de\/1481-2\/","name":"- Camping Duinhoeve Den Helder","isPartOf":{"@id":"https:\/\/campingduinhoeve.com\/de\/#website"},"datePublished":"2024-07-26T15:22:05+00:00","dateModified":"2025-10-29T10:29:05+00:00","inLanguage":"de","potentialAction":[{"@type":"ReadAction","target":["https:\/\/campingduinhoeve.com\/de\/1481-2\/"]}]},{"@type":"WebSite","@id":"https:\/\/campingduinhoeve.com\/de\/#website","url":"https:\/\/campingduinhoeve.com\/de\/","name":"Camping Duinhoeve Den Helder","description":"Centraal gelegen minicamping met rust en ruimte","publisher":{"@id":"https:\/\/campingduinhoeve.com\/de\/#organization"},"alternateName":"Minicamping Duinhoeve","potentialAction":[{"@type":"SearchAction","target":{"@type":"EntryPoint","urlTemplate":"https:\/\/campingduinhoeve.com\/de\/?s={search_term_string}"},"query-input":{"@type":"PropertyValueSpecification","valueRequired":true,"valueName":"search_term_string"}}],"inLanguage":"de"},{"@type":"Organization","@id":"https:\/\/campingduinhoeve.com\/de\/#organization","name":"Camping Duinhoeve","alternateName":"Minicamping Duinhoeve","url":"https:\/\/campingduinhoeve.com\/de\/","logo":{"@type":"ImageObject","inLanguage":"de","@id":"https:\/\/campingduinhoeve.com\/de\/#\/schema\/logo\/image\/","url":"https:\/\/campingduinhoeve.com\/wp-content\/uploads\/2023\/07\/Yoast-1x1-1.jpg","contentUrl":"https:\/\/campingduinhoeve.com\/wp-content\/uploads\/2023\/07\/Yoast-1x1-1.jpg","width":696,"height":696,"caption":"Camping Duinhoeve"},"image":{"@id":"https:\/\/campingduinhoeve.com\/de\/#\/schema\/logo\/image\/"},"sameAs":["https:\/\/www.facebook.com\/CampingDuinhoeve"]}]}},"_links":{"self":[{"href":"https:\/\/campingduinhoeve.com\/de\/wp-json\/wp\/v2\/pages\/1481","targetHints":{"allow":["GET"]}}],"collection":[{"href":"https:\/\/campingduinhoeve.com\/de\/wp-json\/wp\/v2\/pages"}],"about":[{"href":"https:\/\/campingduinhoeve.com\/de\/wp-json\/wp\/v2\/types\/page"}],"author":[{"embeddable":true,"href":"https:\/\/campingduinhoeve.com\/de\/wp-json\/wp\/v2\/users\/2"}],"replies":[{"embeddable":true,"href":"https:\/\/campingduinhoeve.com\/de\/wp-json\/wp\/v2\/comments?post=1481"}],"version-history":[{"count":1,"href":"https:\/\/campingduinhoeve.com\/de\/wp-json\/wp\/v2\/pages\/1481\/revisions"}],"predecessor-version":[{"id":1482,"href":"https:\/\/campingduinhoeve.com\/de\/wp-json\/wp\/v2\/pages\/1481\/revisions\/1482"}],"wp:attachment":[{"href":"https:\/\/campingduinhoeve.com\/de\/wp-json\/wp\/v2\/media?parent=1481"}],"curies":[{"name":"wp","href":"https:\/\/api.w.org\/{rel}","templated":true}]}}