{"id":28,"date":"2023-06-12T12:18:28","date_gmt":"2023-06-12T10:18:28","guid":{"rendered":"https:\/\/campingduinhoeve.smeder.nl\/?page_id=28"},"modified":"2025-10-30T11:13:17","modified_gmt":"2025-10-30T10:13:17","slug":"camping-duinhoeve","status":"publish","type":"page","link":"https:\/\/campingduinhoeve.com\/de\/","title":{"rendered":"Minicamping Duinhoeve"},"content":{"rendered":"<p>Minicamping-Studio-Wanderh\u00fctte und Sommerhaus Duinhoeve liegt im Weiler Koegras zwischen Julianadorp und Den Helder.<\/p>\n<p>Es ist ein \u201e<strong>NUR F\u00dcR ERWACHSENE<\/strong>\u201c-Campingplatz \u201eab 27 Jahren\u201c im Noordkop, der sich speziell an Menschen richtet, die ohne Kinder in den Urlaub fahren. Dies ist f\u00fcr Sie als Gast von gro\u00dfer Bedeutung, da wir Ihnen so noch mehr Ruhe und Privatsph\u00e4re bieten k\u00f6nnen.<\/p>\n<p>Der Campingplatz ist vom 18. April bis 19. September ge\u00f6ffnet.<\/p>\n<p><strong>Camping Duinhoeve ist ein autofreier Campingplatz,<\/strong> sie befinden sich auf den daf\u00fcr vorgesehenen Parkpl\u00e4tzen, beim Auf-\/Abbau ist das Befahren des <strong>Campingplatzes mit dem Auto oder Wohnmobil bei Ankunft\/Abreise gestattet.<\/strong> Fast alle Stellpl\u00e4tze sind asphaltiert, auf den unbefestigten Stellpl\u00e4tzen sind Bodenplanen verboten, auf diese Weise halten wir unseren Rasen sch\u00f6n. Telefonisch erreichbar von Montag bis Samstag von 13 bis 17 Uhr. Camper max. 7,20 Meter bis 3500 kg, Tandemachsen sind nicht erlaubt.<\/p>\n<p>Bei Reservierungen m\u00fcssen wir manchmal Ausnahmen machen, daher kann es sein, dass KEINE WOHNMOBILE (kleine Wohnmobile) auf den Stellpl\u00e4tzen abgestellt werden, wir m\u00f6chten m\u00f6glichst wenige Kunden abweisen.<\/p>\n<p><strong>Auf dem Campingplatz ist die Benutzung der Klimaanlage nicht erlaubt.<\/strong><\/p>\n","protected":false},"excerpt":{"rendered":"<p>Minicamping-Studio-Wanderh\u00fctte und Sommerhaus Duinhoeve liegt im Weiler Koegras zwischen Julianadorp und Den Helder. Es ist ein \u201eNUR F\u00dcR ERWACHSENE\u201c-Campingplatz \u201eab 27 Jahren\u201c im Noordkop, der sich speziell an Menschen richtet, die ohne Kinder in den Urlaub fahren. Dies ist f\u00fcr Sie als Gast von gro\u00dfer Bedeutung, da wir Ihnen so noch mehr Ruhe und Privatsph\u00e4re [&hellip;]<\/p>\n","protected":false},"author":1,"featured_media":307,"parent":0,"menu_order":0,"comment_status":"closed","ping_status":"closed","template":"","meta":{"_acf_changed":false,"footnotes":""},"class_list":["post-28","page","type-page","status-publish","has-post-thumbnail","hentry"],"acf":[],"yoast_head":"<!-- This site is optimized with the Yoast SEO plugin v25.4 - https:\/\/yoast.com\/wordpress\/plugins\/seo\/ -->\n<title>Minicamping Duinhoeve - Camping Duinhoeve Den Helder<\/title>\n<meta name=\"description\" content=\"Minicamping und Sommerhaus Duinhoeve bietet Ruhe und Platz, speziell f\u00fcr Menschen, die ohne Kinder in den Urlaub fahren\" \/>\n<meta name=\"robots\" content=\"index, follow, max-snippet:-1, max-image-preview:large, max-video-preview:-1\" \/>\n<link rel=\"canonical\" href=\"https:\/\/campingduinhoeve.com\/de\/\" \/>\n<meta property=\"og:locale\" content=\"de_DE\" \/>\n<meta property=\"og:type\" content=\"article\" \/>\n<meta property=\"og:title\" content=\"Minicamping Duinhoeve - Camping Duinhoeve Den Helder\" \/>\n<meta property=\"og:description\" content=\"Minicamping und Sommerhaus Duinhoeve bietet Ruhe und Platz, speziell f\u00fcr Menschen, die ohne Kinder in den Urlaub fahren\" \/>\n<meta property=\"og:url\" content=\"https:\/\/campingduinhoeve.com\/de\/\" \/>\n<meta property=\"og:site_name\" content=\"Camping Duinhoeve Den Helder\" \/>\n<meta property=\"article:publisher\" content=\"https:\/\/www.facebook.com\/CampingDuinhoeve\" \/>\n<meta property=\"article:modified_time\" content=\"2025-10-30T10:13:17+00:00\" \/>\n<meta property=\"og:image\" content=\"https:\/\/campingduinhoeve.com\/wp-content\/uploads\/2023\/06\/minicamping-duinhoeve-denhelder-2.jpg\" \/>\n\t<meta property=\"og:image:width\" content=\"1920\" \/>\n\t<meta property=\"og:image:height\" content=\"1440\" \/>\n\t<meta property=\"og:image:type\" content=\"image\/jpeg\" \/>\n<meta name=\"twitter:card\" content=\"summary_large_image\" \/>\n<meta name=\"twitter:label1\" content=\"Gesch\u00e4tzte Lesezeit\" \/>\n\t<meta name=\"twitter:data1\" content=\"4\u00a0Minuten\" \/>\n<script type=\"application\/ld+json\" class=\"yoast-schema-graph\">{\"@context\":\"https:\/\/schema.org\",\"@graph\":[{\"@type\":\"WebPage\",\"@id\":\"https:\/\/campingduinhoeve.com\/de\/\",\"url\":\"https:\/\/campingduinhoeve.com\/de\/\",\"name\":\"Minicamping Duinhoeve - Camping Duinhoeve Den Helder\",\"isPartOf\":{\"@id\":\"https:\/\/campingduinhoeve.com\/de\/#website\"},\"primaryImageOfPage\":{\"@id\":\"https:\/\/campingduinhoeve.com\/de\/#primaryimage\"},\"image\":{\"@id\":\"https:\/\/campingduinhoeve.com\/de\/#primaryimage\"},\"thumbnailUrl\":\"https:\/\/campingduinhoeve.com\/wp-content\/uploads\/2023\/06\/minicamping-duinhoeve-denhelder-2.jpg\",\"datePublished\":\"2023-06-12T10:18:28+00:00\",\"dateModified\":\"2025-10-30T10:13:17+00:00\",\"description\":\"Minicamping und Sommerhaus Duinhoeve bietet Ruhe und Platz, speziell f\u00fcr Menschen, die ohne Kinder in den Urlaub fahren\",\"breadcrumb\":{\"@id\":\"https:\/\/campingduinhoeve.com\/de\/#breadcrumb\"},\"inLanguage\":\"de\",\"potentialAction\":[{\"@type\":\"ReadAction\",\"target\":[\"https:\/\/campingduinhoeve.com\/de\/\"]}]},{\"@type\":\"ImageObject\",\"inLanguage\":\"de\",\"@id\":\"https:\/\/campingduinhoeve.com\/de\/#primaryimage\",\"url\":\"https:\/\/campingduinhoeve.com\/wp-content\/uploads\/2023\/06\/minicamping-duinhoeve-denhelder-2.jpg\",\"contentUrl\":\"https:\/\/campingduinhoeve.com\/wp-content\/uploads\/2023\/06\/minicamping-duinhoeve-denhelder-2.jpg\",\"width\":1920,\"height\":1440},{\"@type\":\"BreadcrumbList\",\"@id\":\"https:\/\/campingduinhoeve.com\/de\/#breadcrumb\",\"itemListElement\":[{\"@type\":\"ListItem\",\"position\":1,\"name\":\"Home\",\"item\":\"https:\/\/campingduinhoeve.com\/de\/\"},{\"@type\":\"ListItem\",\"position\":2,\"name\":\"Minicamping Duinhoeve\"}]},{\"@type\":\"WebSite\",\"@id\":\"https:\/\/campingduinhoeve.com\/de\/#website\",\"url\":\"https:\/\/campingduinhoeve.com\/de\/\",\"name\":\"Camping Duinhoeve Den Helder\",\"description\":\"Centraal gelegen minicamping met rust en ruimte\",\"publisher\":{\"@id\":\"https:\/\/campingduinhoeve.com\/de\/#organization\"},\"alternateName\":\"Minicamping Duinhoeve\",\"potentialAction\":[{\"@type\":\"SearchAction\",\"target\":{\"@type\":\"EntryPoint\",\"urlTemplate\":\"https:\/\/campingduinhoeve.com\/de\/?s={search_term_string}\"},\"query-input\":{\"@type\":\"PropertyValueSpecification\",\"valueRequired\":true,\"valueName\":\"search_term_string\"}}],\"inLanguage\":\"de\"},{\"@type\":\"Organization\",\"@id\":\"https:\/\/campingduinhoeve.com\/de\/#organization\",\"name\":\"Camping Duinhoeve\",\"alternateName\":\"Minicamping Duinhoeve\",\"url\":\"https:\/\/campingduinhoeve.com\/de\/\",\"logo\":{\"@type\":\"ImageObject\",\"inLanguage\":\"de\",\"@id\":\"https:\/\/campingduinhoeve.com\/de\/#\/schema\/logo\/image\/\",\"url\":\"https:\/\/campingduinhoeve.com\/wp-content\/uploads\/2023\/07\/Yoast-1x1-1.jpg\",\"contentUrl\":\"https:\/\/campingduinhoeve.com\/wp-content\/uploads\/2023\/07\/Yoast-1x1-1.jpg\",\"width\":696,\"height\":696,\"caption\":\"Camping Duinhoeve\"},\"image\":{\"@id\":\"https:\/\/campingduinhoeve.com\/de\/#\/schema\/logo\/image\/\"},\"sameAs\":[\"https:\/\/www.facebook.com\/CampingDuinhoeve\"]}]}<\/script>\n<!-- \/ Yoast SEO plugin. -->","yoast_head_json":{"title":"Minicamping Duinhoeve - Camping Duinhoeve Den Helder","description":"Minicamping und Sommerhaus Duinhoeve bietet Ruhe und Platz, speziell f\u00fcr Menschen, die ohne Kinder in den Urlaub fahren","robots":{"index":"index","follow":"follow","max-snippet":"max-snippet:-1","max-image-preview":"max-image-preview:large","max-video-preview":"max-video-preview:-1"},"canonical":"https:\/\/campingduinhoeve.com\/de\/","og_locale":"de_DE","og_type":"article","og_title":"Minicamping Duinhoeve - Camping Duinhoeve Den Helder","og_description":"Minicamping und Sommerhaus Duinhoeve bietet Ruhe und Platz, speziell f\u00fcr Menschen, die ohne Kinder in den Urlaub fahren","og_url":"https:\/\/campingduinhoeve.com\/de\/","og_site_name":"Camping Duinhoeve Den Helder","article_publisher":"https:\/\/www.facebook.com\/CampingDuinhoeve","article_modified_time":"2025-10-30T10:13:17+00:00","og_image":[{"width":1920,"height":1440,"url":"https:\/\/campingduinhoeve.com\/wp-content\/uploads\/2023\/06\/minicamping-duinhoeve-denhelder-2.jpg","type":"image\/jpeg"}],"twitter_card":"summary_large_image","twitter_misc":{"Gesch\u00e4tzte Lesezeit":"4\u00a0Minuten"},"schema":{"@context":"https:\/\/schema.org","@graph":[{"@type":"WebPage","@id":"https:\/\/campingduinhoeve.com\/de\/","url":"https:\/\/campingduinhoeve.com\/de\/","name":"Minicamping Duinhoeve - Camping Duinhoeve Den Helder","isPartOf":{"@id":"https:\/\/campingduinhoeve.com\/de\/#website"},"primaryImageOfPage":{"@id":"https:\/\/campingduinhoeve.com\/de\/#primaryimage"},"image":{"@id":"https:\/\/campingduinhoeve.com\/de\/#primaryimage"},"thumbnailUrl":"https:\/\/campingduinhoeve.com\/wp-content\/uploads\/2023\/06\/minicamping-duinhoeve-denhelder-2.jpg","datePublished":"2023-06-12T10:18:28+00:00","dateModified":"2025-10-30T10:13:17+00:00","description":"Minicamping und Sommerhaus Duinhoeve bietet Ruhe und Platz, speziell f\u00fcr Menschen, die ohne Kinder in den Urlaub fahren","breadcrumb":{"@id":"https:\/\/campingduinhoeve.com\/de\/#breadcrumb"},"inLanguage":"de","potentialAction":[{"@type":"ReadAction","target":["https:\/\/campingduinhoeve.com\/de\/"]}]},{"@type":"ImageObject","inLanguage":"de","@id":"https:\/\/campingduinhoeve.com\/de\/#primaryimage","url":"https:\/\/campingduinhoeve.com\/wp-content\/uploads\/2023\/06\/minicamping-duinhoeve-denhelder-2.jpg","contentUrl":"https:\/\/campingduinhoeve.com\/wp-content\/uploads\/2023\/06\/minicamping-duinhoeve-denhelder-2.jpg","width":1920,"height":1440},{"@type":"BreadcrumbList","@id":"https:\/\/campingduinhoeve.com\/de\/#breadcrumb","itemListElement":[{"@type":"ListItem","position":1,"name":"Home","item":"https:\/\/campingduinhoeve.com\/de\/"},{"@type":"ListItem","position":2,"name":"Minicamping Duinhoeve"}]},{"@type":"WebSite","@id":"https:\/\/campingduinhoeve.com\/de\/#website","url":"https:\/\/campingduinhoeve.com\/de\/","name":"Camping Duinhoeve Den Helder","description":"Centraal gelegen minicamping met rust en ruimte","publisher":{"@id":"https:\/\/campingduinhoeve.com\/de\/#organization"},"alternateName":"Minicamping Duinhoeve","potentialAction":[{"@type":"SearchAction","target":{"@type":"EntryPoint","urlTemplate":"https:\/\/campingduinhoeve.com\/de\/?s={search_term_string}"},"query-input":{"@type":"PropertyValueSpecification","valueRequired":true,"valueName":"search_term_string"}}],"inLanguage":"de"},{"@type":"Organization","@id":"https:\/\/campingduinhoeve.com\/de\/#organization","name":"Camping Duinhoeve","alternateName":"Minicamping Duinhoeve","url":"https:\/\/campingduinhoeve.com\/de\/","logo":{"@type":"ImageObject","inLanguage":"de","@id":"https:\/\/campingduinhoeve.com\/de\/#\/schema\/logo\/image\/","url":"https:\/\/campingduinhoeve.com\/wp-content\/uploads\/2023\/07\/Yoast-1x1-1.jpg","contentUrl":"https:\/\/campingduinhoeve.com\/wp-content\/uploads\/2023\/07\/Yoast-1x1-1.jpg","width":696,"height":696,"caption":"Camping Duinhoeve"},"image":{"@id":"https:\/\/campingduinhoeve.com\/de\/#\/schema\/logo\/image\/"},"sameAs":["https:\/\/www.facebook.com\/CampingDuinhoeve"]}]}},"_links":{"self":[{"href":"https:\/\/campingduinhoeve.com\/de\/wp-json\/wp\/v2\/pages\/28","targetHints":{"allow":["GET"]}}],"collection":[{"href":"https:\/\/campingduinhoeve.com\/de\/wp-json\/wp\/v2\/pages"}],"about":[{"href":"https:\/\/campingduinhoeve.com\/de\/wp-json\/wp\/v2\/types\/page"}],"author":[{"embeddable":true,"href":"https:\/\/campingduinhoeve.com\/de\/wp-json\/wp\/v2\/users\/1"}],"replies":[{"embeddable":true,"href":"https:\/\/campingduinhoeve.com\/de\/wp-json\/wp\/v2\/comments?post=28"}],"version-history":[{"count":14,"href":"https:\/\/campingduinhoeve.com\/de\/wp-json\/wp\/v2\/pages\/28\/revisions"}],"predecessor-version":[{"id":1495,"href":"https:\/\/campingduinhoeve.com\/de\/wp-json\/wp\/v2\/pages\/28\/revisions\/1495"}],"wp:featuredmedia":[{"embeddable":true,"href":"https:\/\/campingduinhoeve.com\/de\/wp-json\/wp\/v2\/media\/307"}],"wp:attachment":[{"href":"https:\/\/campingduinhoeve.com\/de\/wp-json\/wp\/v2\/media?parent=28"}],"curies":[{"name":"wp","href":"https:\/\/api.w.org\/{rel}","templated":true}]}}