{"id":294,"date":"2023-06-12T12:19:19","date_gmt":"2023-06-12T10:19:19","guid":{"rendered":"https:\/\/campingduinhoeve.smeder.nl\/?page_id=294"},"modified":"2025-07-13T12:48:45","modified_gmt":"2025-07-13T10:48:45","slug":"verfuegbarkeit-und-reservierung","status":"publish","type":"page","link":"https:\/\/campingduinhoeve.com\/de\/verfuegbarkeit-und-reservierung\/","title":{"rendered":"Verf\u00fcgbarkeit und Reservierung"},"content":{"rendered":"<div class=\"T4LgNb\">\n<div class=\"ToWKne\">\n<div class=\"OlSOob\">\n<div class=\"ccvoYb\">\n<div class=\"AxqVh\">\n<div class=\"OPPzxe\">\n<div class=\"QcsUad BDJ8fb BLojaf sMVRZe hCXDsb wneUed\">\n<div class=\"usGWQd\">\n<div class=\"KkbLmb\">\n<div class=\"lRu31\" dir=\"ltr\"><span class=\"HwtZe\" lang=\"de\"><span class=\"jCAhz ChMk0b\"><span class=\"ryNqvb\">M\u00f6chten Sie sich einen Stellplatz auf unserem Campingplatz sichern?<\/span><\/span> <\/span><\/div>\n<div class=\"lRu31\" dir=\"ltr\"><span class=\"HwtZe\" lang=\"de\"><span class=\"jCAhz ChMk0b\"><span class=\"ryNqvb\">Dann empfehlen wir Ihnen unbedingt eine fr\u00fchzeitige Buchung.<\/span><\/span> <span class=\"jCAhz ChMk0b\"><span class=\"ryNqvb\">Nutzen Sie dazu einfach unser Online-Buchungssystem unten.<\/span><\/span> <\/span><\/div>\n<div class=\"lRu31\" dir=\"ltr\"><span class=\"HwtZe\" lang=\"de\"><span class=\"jCAhz ChMk0b\"><span class=\"ryNqvb\">Sie k\u00f6nnen\/m\u00fcssen Ihren Stellplatz selbst ausw\u00e4hlen und buchen. <\/span><\/span><\/span><\/div>\n<div class=\"lRu31\" dir=\"ltr\"><span class=\"HwtZe\" lang=\"de\"><span class=\"jCAhz ChMk0b\"><span class=\"ryNqvb\">Bitte geben Sie jedoch unbedingt Ihre Campingausr\u00fcstung und deren L\u00e4nge an.<\/span><\/span><span class=\"jCAhz ChMk0b\"><span class=\"ryNqvb\"> WELCHEN CAMPINGPLATZ BRINGEN SIE MIT UND WIE LANG IST IHRE AUSR\u00dcSTUNG?<\/span><\/span><span class=\"jCAhz ChMk0b\"><span class=\"ryNqvb\"> Es gibt Stellpl\u00e4tze, auf denen nur Wohnwagen erlaubt sind, und andere, auf denen Wohnwagen und Wohnmobile erlaubt sind.<\/span><\/span> <span class=\"jCAhz ChMk0b\"><span class=\"ryNqvb\">Um Entt\u00e4uschungen zu vermeiden, \u00fcberpr\u00fcfen Sie bitte Ihre Buchungsbest\u00e4tigung.<\/span><\/span><span class=\"jCAhz ChMk0b\"><span class=\"ryNqvb\"> SIEHE STANDORT UND WUNSCH &gt; kein Standort oder Wunsch.<\/span><\/span><span class=\"jCAhz ChMk0b\"><span class=\"ryNqvb\"> Bei einer Abreise vor 11:00 Uhr bleibt ausreichend Zeit, um bis 13:00 Uhr den Rasen zu m\u00e4hen und die Str\u00e4ucher zu schneiden, damit die n\u00e4chsten Camper wieder f\u00fcr Sie da sind.<\/span><\/span><span class=\"jCAhz ChMk0b\"><span class=\"ryNqvb\"> Wir berechnen keine Tagespreise. Bei einer sp\u00e4teren Abreise am Tag ist eine zus\u00e4tzliche Nacht erforderlich, um Doppelbuchungen und Missverst\u00e4ndnisse zu vermeiden.<\/span><\/span> <\/span><\/div>\n<div class=\"lRu31\" dir=\"ltr\">\n<p><span class=\"HwtZe\" lang=\"de\"><span class=\"jCAhz ChMk0b\"><span class=\"ryNqvb\">Sie sind von 13:00 bis 17:00 Uhr willkommen. Sollte dies nicht m\u00f6glich sein, rufen Sie bitte die Nummer 06 10 65 06 83 an (BITTE VOR 17:00 UHR).<\/span><\/span><\/span><\/p>\n<div class=\"OvtS8d\"><\/div>\n<div id=\"ow14\"><\/div>\n<\/div>\n<div class=\"UdTY9 WdefRb\" aria-hidden=\"true\" data-location=\"2\">\n<div class=\"kO6q6e\"><\/div>\n<\/div>\n<div class=\"XL3Kf XExWNc\">\n<div class=\"a8FIud X0rvP\">\n<div data-show-delay-ms=\"250\" data-append-to-body=\"false\" data-propagate-tooltip-mouseover-events=\"true\" data-anchor-corner=\"bottom-end\" data-enable-skip-handler=\"true\" data-popup-corner=\"top-end\">\n<div class=\"dig2sb\"><\/div>\n<\/div>\n<\/div>\n<\/div>\n<div class=\"ebT7ne VOLvac sMVRZe\">\n<div class=\"F0pQVc\"><\/div>\n<\/div>\n<div class=\"VO9ucd\">\n<div class=\"aJIq1d\" dir=\"ltr\" style=\"-webkit-tap-highlight-color: transparent;\" data-language-code=\"de\" data-language-name=\"Duits\" data-text=\"M\u00f6chten Sie sich einen Stellplatz auf unserem Campingplatz sichern? Dann empfehlen wir Ihnen unbedingt eine fr\u00fchzeitige Buchung. Nutzen Sie dazu einfach unser Online-Buchungssystem unten. Sie k\u00f6nnen\/m\u00fcssen Ihren Stellplatz selbst ausw\u00e4hlen und buchen. Bitte geben Sie jedoch unbedingt Ihre Campingausr\u00fcstung und deren L\u00e4nge an. WELCHEN CAMPINGPLATZ BRINGEN SIE MIT UND WIE LANG IST IHRE AUSR\u00dcSTUNG? Es gibt Stellpl\u00e4tze, auf denen nur Wohnwagen erlaubt sind, und andere, auf denen Wohnwagen und Wohnmobile erlaubt sind. Um Entt\u00e4uschungen zu vermeiden, \u00fcberpr\u00fcfen Sie bitte Ihre Buchungsbest\u00e4tigung. SIEHE STANDORT UND WUNSCH &gt; kein Standort oder Wunsch. Bei einer Abreise vor 11:00 Uhr bleibt ausreichend Zeit, um bis 13:00 Uhr den Rasen zu m\u00e4hen und die Str\u00e4ucher zu schneiden, damit die n\u00e4chsten Camper wieder f\u00fcr Sie da sind. Wir berechnen keine Tagespreise. Bei einer sp\u00e4teren Abreise am Tag ist eine zus\u00e4tzliche Nacht erforderlich, um Doppelbuchungen und Missverst\u00e4ndnisse zu vermeiden. Sie sind von 13:00 bis 17:00 Uhr willkommen. Sollte dies nicht m\u00f6glich sein, rufen Sie bitte die Nummer 06 10 65 06 83 an (BITTE VOR 17:00 UHR).\" data-crosslingual-hint=\"\" data-location=\"2\" data-enable-toggle-playback-speed=\"true\" data-results-count=\"1\" data-result-index=\"1\">\n<div class=\"m0Qfkd\"><\/div>\n<\/div>\n<div class=\"YJGJsb\">\n<p>&nbsp;<\/p>\n<div><\/div>\n<div><\/div>\n<\/div>\n<\/div>\n<\/div>\n<\/div>\n<\/div>\n<\/div>\n<\/div>\n<div class=\"HWmS8\">\n<div class=\"kGmWO\"><\/div>\n<div class=\"OwOEge\">\n<div class=\"cJ1Ndf\"><span class=\"qgyq3b\" tabindex=\"0\" role=\"button\" aria-haspopup=\"dialog\" aria-label=\"Feedback sturen\">Feedback sturen<\/span><\/div>\n<\/div>\n<\/div>\n<\/div>\n<div><\/div>\n<\/div>\n<nav class=\"VlPnLc\" aria-labelledby=\"ucj-38\">\n<div class=\"ySES5\"><\/div>\n<div class=\"ySES5\"><\/div>\n<\/nav>\n<\/div>\n<\/div>\n<div><\/div>\n","protected":false},"excerpt":{"rendered":"<p>M\u00f6chten Sie sich einen Stellplatz auf unserem Campingplatz sichern? Dann empfehlen wir Ihnen unbedingt eine fr\u00fchzeitige Buchung. Nutzen Sie dazu einfach unser Online-Buchungssystem unten. Sie k\u00f6nnen\/m\u00fcssen Ihren Stellplatz selbst ausw\u00e4hlen und buchen. Bitte geben Sie jedoch unbedingt Ihre Campingausr\u00fcstung und deren L\u00e4nge an. WELCHEN CAMPINGPLATZ BRINGEN SIE MIT UND WIE LANG IST IHRE AUSR\u00dcSTUNG? Es [&hellip;]<\/p>\n","protected":false},"author":1,"featured_media":0,"parent":0,"menu_order":25,"comment_status":"closed","ping_status":"closed","template":"","meta":{"_acf_changed":false,"footnotes":""},"class_list":["post-294","page","type-page","status-publish","hentry"],"acf":[],"yoast_head":"<!-- This site is optimized with the Yoast SEO plugin v25.4 - https:\/\/yoast.com\/wordpress\/plugins\/seo\/ -->\n<title>Verf\u00fcgbarkeit und Reservierung - Camping Duinhoeve Den Helder<\/title>\n<meta name=\"robots\" content=\"index, follow, max-snippet:-1, max-image-preview:large, max-video-preview:-1\" \/>\n<link rel=\"canonical\" href=\"https:\/\/campingduinhoeve.com\/de\/verfuegbarkeit-und-reservierung\/\" \/>\n<meta property=\"og:locale\" content=\"de_DE\" \/>\n<meta property=\"og:type\" content=\"article\" \/>\n<meta property=\"og:title\" content=\"Verf\u00fcgbarkeit und Reservierung - Camping Duinhoeve Den Helder\" \/>\n<meta property=\"og:description\" content=\"M\u00f6chten Sie sich einen Stellplatz auf unserem Campingplatz sichern? Dann empfehlen wir Ihnen unbedingt eine fr\u00fchzeitige Buchung. Nutzen Sie dazu einfach unser Online-Buchungssystem unten. Sie k\u00f6nnen\/m\u00fcssen Ihren Stellplatz selbst ausw\u00e4hlen und buchen. Bitte geben Sie jedoch unbedingt Ihre Campingausr\u00fcstung und deren L\u00e4nge an. WELCHEN CAMPINGPLATZ BRINGEN SIE MIT UND WIE LANG IST IHRE AUSR\u00dcSTUNG? Es [&hellip;]\" \/>\n<meta property=\"og:url\" content=\"https:\/\/campingduinhoeve.com\/de\/verfuegbarkeit-und-reservierung\/\" \/>\n<meta property=\"og:site_name\" content=\"Camping Duinhoeve Den Helder\" \/>\n<meta property=\"article:publisher\" content=\"https:\/\/www.facebook.com\/CampingDuinhoeve\" \/>\n<meta property=\"article:modified_time\" content=\"2025-07-13T10:48:45+00:00\" \/>\n<meta property=\"og:image\" content=\"https:\/\/campingduinhoeve.com\/wp-content\/uploads\/2023\/07\/duinhoeve_og.jpg\" \/>\n\t<meta property=\"og:image:width\" content=\"1200\" \/>\n\t<meta property=\"og:image:height\" content=\"675\" \/>\n\t<meta property=\"og:image:type\" content=\"image\/jpeg\" \/>\n<meta name=\"twitter:card\" content=\"summary_large_image\" \/>\n<meta name=\"twitter:label1\" content=\"Gesch\u00e4tzte Lesezeit\" \/>\n\t<meta name=\"twitter:data1\" content=\"3\u00a0Minuten\" \/>\n<script type=\"application\/ld+json\" class=\"yoast-schema-graph\">{\"@context\":\"https:\/\/schema.org\",\"@graph\":[{\"@type\":\"WebPage\",\"@id\":\"https:\/\/campingduinhoeve.com\/de\/verfuegbarkeit-und-reservierung\/\",\"url\":\"https:\/\/campingduinhoeve.com\/de\/verfuegbarkeit-und-reservierung\/\",\"name\":\"Verf\u00fcgbarkeit und Reservierung - Camping Duinhoeve Den Helder\",\"isPartOf\":{\"@id\":\"https:\/\/campingduinhoeve.com\/de\/#website\"},\"datePublished\":\"2023-06-12T10:19:19+00:00\",\"dateModified\":\"2025-07-13T10:48:45+00:00\",\"breadcrumb\":{\"@id\":\"https:\/\/campingduinhoeve.com\/de\/verfuegbarkeit-und-reservierung\/#breadcrumb\"},\"inLanguage\":\"de\",\"potentialAction\":[{\"@type\":\"ReadAction\",\"target\":[\"https:\/\/campingduinhoeve.com\/de\/verfuegbarkeit-und-reservierung\/\"]}]},{\"@type\":\"BreadcrumbList\",\"@id\":\"https:\/\/campingduinhoeve.com\/de\/verfuegbarkeit-und-reservierung\/#breadcrumb\",\"itemListElement\":[{\"@type\":\"ListItem\",\"position\":1,\"name\":\"Home\",\"item\":\"https:\/\/campingduinhoeve.com\/de\/\"},{\"@type\":\"ListItem\",\"position\":2,\"name\":\"Verf\u00fcgbarkeit und Reservierung\"}]},{\"@type\":\"WebSite\",\"@id\":\"https:\/\/campingduinhoeve.com\/de\/#website\",\"url\":\"https:\/\/campingduinhoeve.com\/de\/\",\"name\":\"Camping Duinhoeve Den Helder\",\"description\":\"Centraal gelegen minicamping met rust en ruimte\",\"publisher\":{\"@id\":\"https:\/\/campingduinhoeve.com\/de\/#organization\"},\"alternateName\":\"Minicamping Duinhoeve\",\"potentialAction\":[{\"@type\":\"SearchAction\",\"target\":{\"@type\":\"EntryPoint\",\"urlTemplate\":\"https:\/\/campingduinhoeve.com\/de\/?s={search_term_string}\"},\"query-input\":{\"@type\":\"PropertyValueSpecification\",\"valueRequired\":true,\"valueName\":\"search_term_string\"}}],\"inLanguage\":\"de\"},{\"@type\":\"Organization\",\"@id\":\"https:\/\/campingduinhoeve.com\/de\/#organization\",\"name\":\"Camping Duinhoeve\",\"alternateName\":\"Minicamping Duinhoeve\",\"url\":\"https:\/\/campingduinhoeve.com\/de\/\",\"logo\":{\"@type\":\"ImageObject\",\"inLanguage\":\"de\",\"@id\":\"https:\/\/campingduinhoeve.com\/de\/#\/schema\/logo\/image\/\",\"url\":\"https:\/\/campingduinhoeve.com\/wp-content\/uploads\/2023\/07\/Yoast-1x1-1.jpg\",\"contentUrl\":\"https:\/\/campingduinhoeve.com\/wp-content\/uploads\/2023\/07\/Yoast-1x1-1.jpg\",\"width\":696,\"height\":696,\"caption\":\"Camping Duinhoeve\"},\"image\":{\"@id\":\"https:\/\/campingduinhoeve.com\/de\/#\/schema\/logo\/image\/\"},\"sameAs\":[\"https:\/\/www.facebook.com\/CampingDuinhoeve\"]}]}<\/script>\n<!-- \/ Yoast SEO plugin. -->","yoast_head_json":{"title":"Verf\u00fcgbarkeit und Reservierung - Camping Duinhoeve Den Helder","robots":{"index":"index","follow":"follow","max-snippet":"max-snippet:-1","max-image-preview":"max-image-preview:large","max-video-preview":"max-video-preview:-1"},"canonical":"https:\/\/campingduinhoeve.com\/de\/verfuegbarkeit-und-reservierung\/","og_locale":"de_DE","og_type":"article","og_title":"Verf\u00fcgbarkeit und Reservierung - Camping Duinhoeve Den Helder","og_description":"M\u00f6chten Sie sich einen Stellplatz auf unserem Campingplatz sichern? Dann empfehlen wir Ihnen unbedingt eine fr\u00fchzeitige Buchung. Nutzen Sie dazu einfach unser Online-Buchungssystem unten. Sie k\u00f6nnen\/m\u00fcssen Ihren Stellplatz selbst ausw\u00e4hlen und buchen. Bitte geben Sie jedoch unbedingt Ihre Campingausr\u00fcstung und deren L\u00e4nge an. WELCHEN CAMPINGPLATZ BRINGEN SIE MIT UND WIE LANG IST IHRE AUSR\u00dcSTUNG? Es [&hellip;]","og_url":"https:\/\/campingduinhoeve.com\/de\/verfuegbarkeit-und-reservierung\/","og_site_name":"Camping Duinhoeve Den Helder","article_publisher":"https:\/\/www.facebook.com\/CampingDuinhoeve","article_modified_time":"2025-07-13T10:48:45+00:00","og_image":[{"width":1200,"height":675,"url":"https:\/\/campingduinhoeve.com\/wp-content\/uploads\/2023\/07\/duinhoeve_og.jpg","type":"image\/jpeg"}],"twitter_card":"summary_large_image","twitter_misc":{"Gesch\u00e4tzte Lesezeit":"3\u00a0Minuten"},"schema":{"@context":"https:\/\/schema.org","@graph":[{"@type":"WebPage","@id":"https:\/\/campingduinhoeve.com\/de\/verfuegbarkeit-und-reservierung\/","url":"https:\/\/campingduinhoeve.com\/de\/verfuegbarkeit-und-reservierung\/","name":"Verf\u00fcgbarkeit und Reservierung - Camping Duinhoeve Den Helder","isPartOf":{"@id":"https:\/\/campingduinhoeve.com\/de\/#website"},"datePublished":"2023-06-12T10:19:19+00:00","dateModified":"2025-07-13T10:48:45+00:00","breadcrumb":{"@id":"https:\/\/campingduinhoeve.com\/de\/verfuegbarkeit-und-reservierung\/#breadcrumb"},"inLanguage":"de","potentialAction":[{"@type":"ReadAction","target":["https:\/\/campingduinhoeve.com\/de\/verfuegbarkeit-und-reservierung\/"]}]},{"@type":"BreadcrumbList","@id":"https:\/\/campingduinhoeve.com\/de\/verfuegbarkeit-und-reservierung\/#breadcrumb","itemListElement":[{"@type":"ListItem","position":1,"name":"Home","item":"https:\/\/campingduinhoeve.com\/de\/"},{"@type":"ListItem","position":2,"name":"Verf\u00fcgbarkeit und Reservierung"}]},{"@type":"WebSite","@id":"https:\/\/campingduinhoeve.com\/de\/#website","url":"https:\/\/campingduinhoeve.com\/de\/","name":"Camping Duinhoeve Den Helder","description":"Centraal gelegen minicamping met rust en ruimte","publisher":{"@id":"https:\/\/campingduinhoeve.com\/de\/#organization"},"alternateName":"Minicamping Duinhoeve","potentialAction":[{"@type":"SearchAction","target":{"@type":"EntryPoint","urlTemplate":"https:\/\/campingduinhoeve.com\/de\/?s={search_term_string}"},"query-input":{"@type":"PropertyValueSpecification","valueRequired":true,"valueName":"search_term_string"}}],"inLanguage":"de"},{"@type":"Organization","@id":"https:\/\/campingduinhoeve.com\/de\/#organization","name":"Camping Duinhoeve","alternateName":"Minicamping Duinhoeve","url":"https:\/\/campingduinhoeve.com\/de\/","logo":{"@type":"ImageObject","inLanguage":"de","@id":"https:\/\/campingduinhoeve.com\/de\/#\/schema\/logo\/image\/","url":"https:\/\/campingduinhoeve.com\/wp-content\/uploads\/2023\/07\/Yoast-1x1-1.jpg","contentUrl":"https:\/\/campingduinhoeve.com\/wp-content\/uploads\/2023\/07\/Yoast-1x1-1.jpg","width":696,"height":696,"caption":"Camping Duinhoeve"},"image":{"@id":"https:\/\/campingduinhoeve.com\/de\/#\/schema\/logo\/image\/"},"sameAs":["https:\/\/www.facebook.com\/CampingDuinhoeve"]}]}},"_links":{"self":[{"href":"https:\/\/campingduinhoeve.com\/de\/wp-json\/wp\/v2\/pages\/294","targetHints":{"allow":["GET"]}}],"collection":[{"href":"https:\/\/campingduinhoeve.com\/de\/wp-json\/wp\/v2\/pages"}],"about":[{"href":"https:\/\/campingduinhoeve.com\/de\/wp-json\/wp\/v2\/types\/page"}],"author":[{"embeddable":true,"href":"https:\/\/campingduinhoeve.com\/de\/wp-json\/wp\/v2\/users\/1"}],"replies":[{"embeddable":true,"href":"https:\/\/campingduinhoeve.com\/de\/wp-json\/wp\/v2\/comments?post=294"}],"version-history":[{"count":10,"href":"https:\/\/campingduinhoeve.com\/de\/wp-json\/wp\/v2\/pages\/294\/revisions"}],"predecessor-version":[{"id":1402,"href":"https:\/\/campingduinhoeve.com\/de\/wp-json\/wp\/v2\/pages\/294\/revisions\/1402"}],"wp:attachment":[{"href":"https:\/\/campingduinhoeve.com\/de\/wp-json\/wp\/v2\/media?parent=294"}],"curies":[{"name":"wp","href":"https:\/\/api.w.org\/{rel}","templated":true}]}}