{"id":467,"date":"2023-06-20T19:52:05","date_gmt":"2023-06-20T17:52:05","guid":{"rendered":"https:\/\/campingduinhoeve.smeder.nl\/huisreglement\/"},"modified":"2025-11-24T16:30:57","modified_gmt":"2025-11-24T15:30:57","slug":"hausregeln","status":"publish","type":"page","link":"https:\/\/campingduinhoeve.com\/de\/hausregeln\/","title":{"rendered":"Hausregeln"},"content":{"rendered":"<p>Hausordnung Minicamping Duinhoeve<\/p>\n<p>Nur Erwachsene ab 27 Jahren.<\/p>\n<p>ANKUNFT \u00a0 \u00a0 ab \u00a0 \u00a0 \u00a0 13:00 Uhr ABREISE \u00a0 \u00a0 vor \u00a0 \u00a0 \u00a0 11:00 Uhr SCHIEBETOR: \u00a0 \u00a0 Schlie\u00dft: 23:00 Uhr \u00a0 \u00a0 \u00d6ffnet: 09:30 Uhr. Das Selbst\u00f6ffnen und -schlie\u00dfen ist ebenfalls erlaubt.<\/p>\n<p>SONNTAGS RUHETAG: \u00a0 \u00a0 Sonntag ist bei uns Ruhetag, kein Anreisetag.<\/p>\n<p>WLAN-Passwort = \u00a0 \u00a0 \u00a0 Duinhoeve STROM:<\/p>\n<p>6 Amp. = 1380 Watt.<\/p>\n<p>BESUCHER: Ihre G\u00e4ste sind auf dem Campingplatz herzlich willkommen, hierbei gilt nur f\u00fcr Erwachsene. Bitte geben Sie Bescheid, dass Sie G\u00e4ste erwarten, oder melden und bezahlen Sie Ihre G\u00e4ste bei den Betreibern Margo und Cor auf Platz 9 oder w\u00e4hrend der Rezeptionszeiten von 19:00 bis 19:30 Uhr &#8211; ge\u00f6ffnet von Montag bis Freitag.<\/p>\n<p>Wir berechnen einen Besuchertarif von 2,00 \u20ac pro Person, den wir an die KNRM, die Wasserrettungsorganisation, spenden.<\/p>\n<p>SANIT\u00c4R: Nach der Benutzung sind die Anlagen sauber zu hinterlassen.<\/p>\n<p>Wir haben kein Zeltfeld; Zelten ist nur auf den Steinterrassen m\u00f6glich.<\/p>\n<p>Ein zus\u00e4tzliches Zelt ist nicht erlaubt.<\/p>\n<p>RAUCHEN VERBOTEN. Das Rauchen ist im gesamten Sanit\u00e4rbereich und auf dem Innenhof untersagt.<\/p>\n<p>Wir bitten unsere G\u00e4ste, bewusst mit Energie umzugehen und so wenig wie m\u00f6glich elektrische Heizger\u00e4te, Klimaanlagen oder Ventilatoren zu benutzen. HAUSTIERE: Wir bitten Sie, Ihren Hund auf dem Campingplatz angeleint zu halten und keine L\u00f6cher graben zu lassen.<\/p>\n<p>Zeltanh\u00e4nger &#8211; Faltwohnwagen und Zelte. Zeltanh\u00e4nger &#8211; Faltwohnwagen und Zelte d\u00fcrfen nur auf den Pl\u00e4tzen mit einem Podest stehen, wegen des Bodenplans. AUTOFREI: Der Campingplatz ist autofrei, auch Anh\u00e4nger m\u00fcssen auf dem daf\u00fcr vorgesehenen Parkplatz abgestellt werden.<\/p>\n<p>WOHNMOBIL\/AUTO: Camping Duinhoeve ist ein autofreier Campingplatz. Das Befahren des Campingplatzes mit dem Auto oder Wohnmobil ist nur beim An- und Abreisen zum Aufstellen oder Abbauen Ihres Campinggutes erlaubt, Ein- und Ausfahren mit dem Wohnmobil oder anderen fahrbaren Campingmitteln ist nicht gestattet. Kein Fahrverhalten mit dem Wohnmobil oder anderen motorisierten Fahrzeugen, diese m\u00fcssen an ihrem Platz bleiben.<\/p>\n<p>ABFALL \/ M\u00dcLL: Der Abfall muss getrennt werden.<\/p>\n<p>Zusammen halten wir es sauber.<\/p>\n<p>GLAS: Wir nehmen kein Glas an. Glasgegenst\u00e4nde k\u00f6nnen in den Glascontainern bei den Superm\u00e4rkten\/Einkaufszentren entsorgt werden. EINKAUFSZENTRUM DE RIEPEL.<\/p>\n<p>Die von Ihnen kaputt gegangenen oder nicht mehr brauchbaren Gegenst\u00e4nde (Sperrm\u00fcll) sind zur\u00fcckzubringen und d\u00fcrfen nicht bei uns zur\u00fcckgelassen werden. SPERRM\u00dcLL \u20ac 25,00.<\/p>\n<p>Beim Zur\u00fccklassen von Sperrm\u00fcll wie Campingst\u00fchlen, Grills, Wasserkochern, Kaffeemaschinen, Sonnenschirmen, Gartenplatten usw. wird eine Entsorgungsgeb\u00fchr von \u20ac 25 erhoben und wir senden die Rechnung an Ihre Reservierungsadresse.<\/p>\n<p>F\u00fcr die Trekkerh\u00fctte gilt: Reservierung mit Auto wird nicht akzeptiert. Die H\u00fctte ist ideal f\u00fcr Fahrrad-, Wander- und Motorradurlaube. Eine \u00dcbernachtung in unserer einfachen, aber stimmungsvollen Trekkerh\u00fctte ist f\u00fcr 2 Personen geeignet.<\/p>\n<p>Der Campingplatz ist ausschlie\u00dflich f\u00fcr Urlaubszwecke bestimmt<\/p>\n<p>.Kein Wohn-\/ArbeitsverkehrWir bieten keinen Platz f\u00fcr Wohn-\/Arbeitsverkehr und f\u00fcr Personen, die vor\u00fcbergehend nicht an ihrer Wohnadresse wohnen k\u00f6nnen, sowie zum Ausprobieren eines Campingfahrzeugs.<\/p>\n<p>Wir bieten keine Stellpl\u00e4tze f\u00fcr Personen aus der Gemeinde Den Helder an.<\/p>\n","protected":false},"excerpt":{"rendered":"<p>Hausordnung Minicamping Duinhoeve Nur Erwachsene ab 27 Jahren. ANKUNFT \u00a0 \u00a0 ab \u00a0 \u00a0 \u00a0 13:00 Uhr ABREISE \u00a0 \u00a0 vor \u00a0 \u00a0 \u00a0 11:00 Uhr SCHIEBETOR: \u00a0 \u00a0 Schlie\u00dft: 23:00 Uhr \u00a0 \u00a0 \u00d6ffnet: 09:30 Uhr. Das Selbst\u00f6ffnen und -schlie\u00dfen ist ebenfalls erlaubt. SONNTAGS RUHETAG: \u00a0 \u00a0 Sonntag ist bei uns Ruhetag, kein Anreisetag. [&hellip;]<\/p>\n","protected":false},"author":1,"featured_media":0,"parent":0,"menu_order":2,"comment_status":"closed","ping_status":"closed","template":"","meta":{"_acf_changed":false,"footnotes":""},"class_list":["post-467","page","type-page","status-publish","hentry"],"acf":[],"yoast_head":"<!-- This site is optimized with the Yoast SEO plugin v25.4 - https:\/\/yoast.com\/wordpress\/plugins\/seo\/ -->\n<title>Hausregeln - Camping Duinhoeve Den Helder<\/title>\n<meta name=\"robots\" content=\"index, follow, max-snippet:-1, max-image-preview:large, max-video-preview:-1\" \/>\n<link rel=\"canonical\" href=\"https:\/\/campingduinhoeve.com\/de\/hausregeln\/\" \/>\n<meta property=\"og:locale\" content=\"de_DE\" \/>\n<meta property=\"og:type\" content=\"article\" \/>\n<meta property=\"og:title\" content=\"Hausregeln - Camping Duinhoeve Den Helder\" \/>\n<meta property=\"og:description\" content=\"Hausordnung Minicamping Duinhoeve Nur Erwachsene ab 27 Jahren. ANKUNFT \u00a0 \u00a0 ab \u00a0 \u00a0 \u00a0 13:00 Uhr ABREISE \u00a0 \u00a0 vor \u00a0 \u00a0 \u00a0 11:00 Uhr SCHIEBETOR: \u00a0 \u00a0 Schlie\u00dft: 23:00 Uhr \u00a0 \u00a0 \u00d6ffnet: 09:30 Uhr. Das Selbst\u00f6ffnen und -schlie\u00dfen ist ebenfalls erlaubt. SONNTAGS RUHETAG: \u00a0 \u00a0 Sonntag ist bei uns Ruhetag, kein Anreisetag. [&hellip;]\" \/>\n<meta property=\"og:url\" content=\"https:\/\/campingduinhoeve.com\/de\/hausregeln\/\" \/>\n<meta property=\"og:site_name\" content=\"Camping Duinhoeve Den Helder\" \/>\n<meta property=\"article:publisher\" content=\"https:\/\/www.facebook.com\/CampingDuinhoeve\" \/>\n<meta property=\"article:modified_time\" content=\"2025-11-24T15:30:57+00:00\" \/>\n<meta property=\"og:image\" content=\"https:\/\/campingduinhoeve.com\/wp-content\/uploads\/2023\/07\/duinhoeve_og.jpg\" \/>\n\t<meta property=\"og:image:width\" content=\"1200\" \/>\n\t<meta property=\"og:image:height\" content=\"675\" \/>\n\t<meta property=\"og:image:type\" content=\"image\/jpeg\" \/>\n<meta name=\"twitter:card\" content=\"summary_large_image\" \/>\n<meta name=\"twitter:label1\" content=\"Gesch\u00e4tzte Lesezeit\" \/>\n\t<meta name=\"twitter:data1\" content=\"4\u00a0Minuten\" \/>\n<script type=\"application\/ld+json\" class=\"yoast-schema-graph\">{\"@context\":\"https:\/\/schema.org\",\"@graph\":[{\"@type\":\"WebPage\",\"@id\":\"https:\/\/campingduinhoeve.com\/de\/hausregeln\/\",\"url\":\"https:\/\/campingduinhoeve.com\/de\/hausregeln\/\",\"name\":\"Hausregeln - Camping Duinhoeve Den Helder\",\"isPartOf\":{\"@id\":\"https:\/\/campingduinhoeve.com\/de\/#website\"},\"datePublished\":\"2023-06-20T17:52:05+00:00\",\"dateModified\":\"2025-11-24T15:30:57+00:00\",\"breadcrumb\":{\"@id\":\"https:\/\/campingduinhoeve.com\/de\/hausregeln\/#breadcrumb\"},\"inLanguage\":\"de\",\"potentialAction\":[{\"@type\":\"ReadAction\",\"target\":[\"https:\/\/campingduinhoeve.com\/de\/hausregeln\/\"]}]},{\"@type\":\"BreadcrumbList\",\"@id\":\"https:\/\/campingduinhoeve.com\/de\/hausregeln\/#breadcrumb\",\"itemListElement\":[{\"@type\":\"ListItem\",\"position\":1,\"name\":\"Home\",\"item\":\"https:\/\/campingduinhoeve.com\/de\/\"},{\"@type\":\"ListItem\",\"position\":2,\"name\":\"Hausregeln\"}]},{\"@type\":\"WebSite\",\"@id\":\"https:\/\/campingduinhoeve.com\/de\/#website\",\"url\":\"https:\/\/campingduinhoeve.com\/de\/\",\"name\":\"Camping Duinhoeve Den Helder\",\"description\":\"Centraal gelegen minicamping met rust en ruimte\",\"publisher\":{\"@id\":\"https:\/\/campingduinhoeve.com\/de\/#organization\"},\"alternateName\":\"Minicamping Duinhoeve\",\"potentialAction\":[{\"@type\":\"SearchAction\",\"target\":{\"@type\":\"EntryPoint\",\"urlTemplate\":\"https:\/\/campingduinhoeve.com\/de\/?s={search_term_string}\"},\"query-input\":{\"@type\":\"PropertyValueSpecification\",\"valueRequired\":true,\"valueName\":\"search_term_string\"}}],\"inLanguage\":\"de\"},{\"@type\":\"Organization\",\"@id\":\"https:\/\/campingduinhoeve.com\/de\/#organization\",\"name\":\"Camping Duinhoeve\",\"alternateName\":\"Minicamping Duinhoeve\",\"url\":\"https:\/\/campingduinhoeve.com\/de\/\",\"logo\":{\"@type\":\"ImageObject\",\"inLanguage\":\"de\",\"@id\":\"https:\/\/campingduinhoeve.com\/de\/#\/schema\/logo\/image\/\",\"url\":\"https:\/\/campingduinhoeve.com\/wp-content\/uploads\/2023\/07\/Yoast-1x1-1.jpg\",\"contentUrl\":\"https:\/\/campingduinhoeve.com\/wp-content\/uploads\/2023\/07\/Yoast-1x1-1.jpg\",\"width\":696,\"height\":696,\"caption\":\"Camping Duinhoeve\"},\"image\":{\"@id\":\"https:\/\/campingduinhoeve.com\/de\/#\/schema\/logo\/image\/\"},\"sameAs\":[\"https:\/\/www.facebook.com\/CampingDuinhoeve\"]}]}<\/script>\n<!-- \/ Yoast SEO plugin. -->","yoast_head_json":{"title":"Hausregeln - Camping Duinhoeve Den Helder","robots":{"index":"index","follow":"follow","max-snippet":"max-snippet:-1","max-image-preview":"max-image-preview:large","max-video-preview":"max-video-preview:-1"},"canonical":"https:\/\/campingduinhoeve.com\/de\/hausregeln\/","og_locale":"de_DE","og_type":"article","og_title":"Hausregeln - Camping Duinhoeve Den Helder","og_description":"Hausordnung Minicamping Duinhoeve Nur Erwachsene ab 27 Jahren. ANKUNFT \u00a0 \u00a0 ab \u00a0 \u00a0 \u00a0 13:00 Uhr ABREISE \u00a0 \u00a0 vor \u00a0 \u00a0 \u00a0 11:00 Uhr SCHIEBETOR: \u00a0 \u00a0 Schlie\u00dft: 23:00 Uhr \u00a0 \u00a0 \u00d6ffnet: 09:30 Uhr. Das Selbst\u00f6ffnen und -schlie\u00dfen ist ebenfalls erlaubt. SONNTAGS RUHETAG: \u00a0 \u00a0 Sonntag ist bei uns Ruhetag, kein Anreisetag. [&hellip;]","og_url":"https:\/\/campingduinhoeve.com\/de\/hausregeln\/","og_site_name":"Camping Duinhoeve Den Helder","article_publisher":"https:\/\/www.facebook.com\/CampingDuinhoeve","article_modified_time":"2025-11-24T15:30:57+00:00","og_image":[{"width":1200,"height":675,"url":"https:\/\/campingduinhoeve.com\/wp-content\/uploads\/2023\/07\/duinhoeve_og.jpg","type":"image\/jpeg"}],"twitter_card":"summary_large_image","twitter_misc":{"Gesch\u00e4tzte Lesezeit":"4\u00a0Minuten"},"schema":{"@context":"https:\/\/schema.org","@graph":[{"@type":"WebPage","@id":"https:\/\/campingduinhoeve.com\/de\/hausregeln\/","url":"https:\/\/campingduinhoeve.com\/de\/hausregeln\/","name":"Hausregeln - Camping Duinhoeve Den Helder","isPartOf":{"@id":"https:\/\/campingduinhoeve.com\/de\/#website"},"datePublished":"2023-06-20T17:52:05+00:00","dateModified":"2025-11-24T15:30:57+00:00","breadcrumb":{"@id":"https:\/\/campingduinhoeve.com\/de\/hausregeln\/#breadcrumb"},"inLanguage":"de","potentialAction":[{"@type":"ReadAction","target":["https:\/\/campingduinhoeve.com\/de\/hausregeln\/"]}]},{"@type":"BreadcrumbList","@id":"https:\/\/campingduinhoeve.com\/de\/hausregeln\/#breadcrumb","itemListElement":[{"@type":"ListItem","position":1,"name":"Home","item":"https:\/\/campingduinhoeve.com\/de\/"},{"@type":"ListItem","position":2,"name":"Hausregeln"}]},{"@type":"WebSite","@id":"https:\/\/campingduinhoeve.com\/de\/#website","url":"https:\/\/campingduinhoeve.com\/de\/","name":"Camping Duinhoeve Den Helder","description":"Centraal gelegen minicamping met rust en ruimte","publisher":{"@id":"https:\/\/campingduinhoeve.com\/de\/#organization"},"alternateName":"Minicamping Duinhoeve","potentialAction":[{"@type":"SearchAction","target":{"@type":"EntryPoint","urlTemplate":"https:\/\/campingduinhoeve.com\/de\/?s={search_term_string}"},"query-input":{"@type":"PropertyValueSpecification","valueRequired":true,"valueName":"search_term_string"}}],"inLanguage":"de"},{"@type":"Organization","@id":"https:\/\/campingduinhoeve.com\/de\/#organization","name":"Camping Duinhoeve","alternateName":"Minicamping Duinhoeve","url":"https:\/\/campingduinhoeve.com\/de\/","logo":{"@type":"ImageObject","inLanguage":"de","@id":"https:\/\/campingduinhoeve.com\/de\/#\/schema\/logo\/image\/","url":"https:\/\/campingduinhoeve.com\/wp-content\/uploads\/2023\/07\/Yoast-1x1-1.jpg","contentUrl":"https:\/\/campingduinhoeve.com\/wp-content\/uploads\/2023\/07\/Yoast-1x1-1.jpg","width":696,"height":696,"caption":"Camping Duinhoeve"},"image":{"@id":"https:\/\/campingduinhoeve.com\/de\/#\/schema\/logo\/image\/"},"sameAs":["https:\/\/www.facebook.com\/CampingDuinhoeve"]}]}},"_links":{"self":[{"href":"https:\/\/campingduinhoeve.com\/de\/wp-json\/wp\/v2\/pages\/467","targetHints":{"allow":["GET"]}}],"collection":[{"href":"https:\/\/campingduinhoeve.com\/de\/wp-json\/wp\/v2\/pages"}],"about":[{"href":"https:\/\/campingduinhoeve.com\/de\/wp-json\/wp\/v2\/types\/page"}],"author":[{"embeddable":true,"href":"https:\/\/campingduinhoeve.com\/de\/wp-json\/wp\/v2\/users\/1"}],"replies":[{"embeddable":true,"href":"https:\/\/campingduinhoeve.com\/de\/wp-json\/wp\/v2\/comments?post=467"}],"version-history":[{"count":14,"href":"https:\/\/campingduinhoeve.com\/de\/wp-json\/wp\/v2\/pages\/467\/revisions"}],"predecessor-version":[{"id":1503,"href":"https:\/\/campingduinhoeve.com\/de\/wp-json\/wp\/v2\/pages\/467\/revisions\/1503"}],"wp:attachment":[{"href":"https:\/\/campingduinhoeve.com\/de\/wp-json\/wp\/v2\/media?parent=467"}],"curies":[{"name":"wp","href":"https:\/\/api.w.org\/{rel}","templated":true}]}}