{"id":471,"date":"2023-06-19T13:46:23","date_gmt":"2023-06-19T11:46:23","guid":{"rendered":"https:\/\/campingduinhoeve.smeder.nl\/trekkershut-piggelmee\/"},"modified":"2025-08-08T15:28:22","modified_gmt":"2025-08-08T13:28:22","slug":"wanderer-huette-piggelmee","status":"publish","type":"page","link":"https:\/\/campingduinhoeve.com\/de\/wanderer-huette-piggelmee\/","title":{"rendered":"Wanderer-H\u00fctte Piggelmee"},"content":{"rendered":"<h2><strong>Das Betreten der Blockh\u00fctte ist f\u00fcr Autoreisende nicht gestattet.<\/strong><\/h2>\n<h2>\nDie Blockh\u00fctte ist ideal f\u00fcr aktive Wanderer (Rucksacktouristen) und Radfahrer.<\/h2>\n<p>Eine \u00dcbernachtung in der Blockh\u00fctte ist f\u00fcr zwei Personen (NUR ERWACHSENE) ohne Auto geeignet.<\/p>\n<p>Schlafsackverleih ist ebenfalls m\u00f6glich:<\/p>\n<p>Schlafsackpaket inklusive Badepaket. 10 \u20ac pro Person \u2013 zahlbar in bar bei Ankunft. 1 Schlafsack + 1 Laken + 1 Handtuch + 1 Badetuch + 1 Waschlappen.<\/p>\n","protected":false},"excerpt":{"rendered":"<p>Das Betreten der Blockh\u00fctte ist f\u00fcr Autoreisende nicht gestattet. Die Blockh\u00fctte ist ideal f\u00fcr aktive Wanderer (Rucksacktouristen) und Radfahrer. Eine \u00dcbernachtung in der Blockh\u00fctte ist f\u00fcr zwei Personen (NUR ERWACHSENE) ohne Auto geeignet. Schlafsackverleih ist ebenfalls m\u00f6glich: Schlafsackpaket inklusive Badepaket. 10 \u20ac pro Person \u2013 zahlbar in bar bei Ankunft. 1 Schlafsack + 1 Laken [&hellip;]<\/p>\n","protected":false},"author":1,"featured_media":318,"parent":0,"menu_order":4,"comment_status":"closed","ping_status":"closed","template":"","meta":{"_acf_changed":false,"footnotes":""},"class_list":["post-471","page","type-page","status-publish","has-post-thumbnail","hentry"],"acf":[],"yoast_head":"<!-- This site is optimized with the Yoast SEO plugin v25.4 - https:\/\/yoast.com\/wordpress\/plugins\/seo\/ -->\n<title>Wanderer-H\u00fctte Piggelmee - Camping Duinhoeve Den Helder<\/title>\n<meta name=\"robots\" content=\"index, follow, max-snippet:-1, max-image-preview:large, max-video-preview:-1\" \/>\n<link rel=\"canonical\" href=\"https:\/\/campingduinhoeve.com\/de\/wanderer-huette-piggelmee\/\" \/>\n<meta property=\"og:locale\" content=\"de_DE\" \/>\n<meta property=\"og:type\" content=\"article\" \/>\n<meta property=\"og:title\" content=\"Wanderer-H\u00fctte Piggelmee - Camping Duinhoeve Den Helder\" \/>\n<meta property=\"og:description\" content=\"Das Betreten der Blockh\u00fctte ist f\u00fcr Autoreisende nicht gestattet. Die Blockh\u00fctte ist ideal f\u00fcr aktive Wanderer (Rucksacktouristen) und Radfahrer. Eine \u00dcbernachtung in der Blockh\u00fctte ist f\u00fcr zwei Personen (NUR ERWACHSENE) ohne Auto geeignet. Schlafsackverleih ist ebenfalls m\u00f6glich: Schlafsackpaket inklusive Badepaket. 10 \u20ac pro Person \u2013 zahlbar in bar bei Ankunft. 1 Schlafsack + 1 Laken [&hellip;]\" \/>\n<meta property=\"og:url\" content=\"https:\/\/campingduinhoeve.com\/de\/wanderer-huette-piggelmee\/\" \/>\n<meta property=\"og:site_name\" content=\"Camping Duinhoeve Den Helder\" \/>\n<meta property=\"article:publisher\" content=\"https:\/\/www.facebook.com\/CampingDuinhoeve\" \/>\n<meta property=\"article:modified_time\" content=\"2025-08-08T13:28:22+00:00\" \/>\n<meta property=\"og:image\" content=\"https:\/\/campingduinhoeve.com\/wp-content\/uploads\/2023\/06\/trekkershut-denhelder.jpg\" \/>\n\t<meta property=\"og:image:width\" content=\"1024\" \/>\n\t<meta property=\"og:image:height\" content=\"768\" \/>\n\t<meta property=\"og:image:type\" content=\"image\/jpeg\" \/>\n<meta name=\"twitter:card\" content=\"summary_large_image\" \/>\n<meta name=\"twitter:label1\" content=\"Gesch\u00e4tzte Lesezeit\" \/>\n\t<meta name=\"twitter:data1\" content=\"2\u00a0Minuten\" \/>\n<script type=\"application\/ld+json\" class=\"yoast-schema-graph\">{\"@context\":\"https:\/\/schema.org\",\"@graph\":[{\"@type\":\"WebPage\",\"@id\":\"https:\/\/campingduinhoeve.com\/de\/wanderer-huette-piggelmee\/\",\"url\":\"https:\/\/campingduinhoeve.com\/de\/wanderer-huette-piggelmee\/\",\"name\":\"Wanderer-H\u00fctte Piggelmee - Camping Duinhoeve Den Helder\",\"isPartOf\":{\"@id\":\"https:\/\/campingduinhoeve.com\/de\/#website\"},\"primaryImageOfPage\":{\"@id\":\"https:\/\/campingduinhoeve.com\/de\/wanderer-huette-piggelmee\/#primaryimage\"},\"image\":{\"@id\":\"https:\/\/campingduinhoeve.com\/de\/wanderer-huette-piggelmee\/#primaryimage\"},\"thumbnailUrl\":\"https:\/\/campingduinhoeve.com\/wp-content\/uploads\/2023\/06\/trekkershut-denhelder.jpg\",\"datePublished\":\"2023-06-19T11:46:23+00:00\",\"dateModified\":\"2025-08-08T13:28:22+00:00\",\"breadcrumb\":{\"@id\":\"https:\/\/campingduinhoeve.com\/de\/wanderer-huette-piggelmee\/#breadcrumb\"},\"inLanguage\":\"de\",\"potentialAction\":[{\"@type\":\"ReadAction\",\"target\":[\"https:\/\/campingduinhoeve.com\/de\/wanderer-huette-piggelmee\/\"]}]},{\"@type\":\"ImageObject\",\"inLanguage\":\"de\",\"@id\":\"https:\/\/campingduinhoeve.com\/de\/wanderer-huette-piggelmee\/#primaryimage\",\"url\":\"https:\/\/campingduinhoeve.com\/wp-content\/uploads\/2023\/06\/trekkershut-denhelder.jpg\",\"contentUrl\":\"https:\/\/campingduinhoeve.com\/wp-content\/uploads\/2023\/06\/trekkershut-denhelder.jpg\",\"width\":1024,\"height\":768},{\"@type\":\"BreadcrumbList\",\"@id\":\"https:\/\/campingduinhoeve.com\/de\/wanderer-huette-piggelmee\/#breadcrumb\",\"itemListElement\":[{\"@type\":\"ListItem\",\"position\":1,\"name\":\"Home\",\"item\":\"https:\/\/campingduinhoeve.com\/de\/\"},{\"@type\":\"ListItem\",\"position\":2,\"name\":\"Wanderer-H\u00fctte Piggelmee\"}]},{\"@type\":\"WebSite\",\"@id\":\"https:\/\/campingduinhoeve.com\/de\/#website\",\"url\":\"https:\/\/campingduinhoeve.com\/de\/\",\"name\":\"Camping Duinhoeve Den Helder\",\"description\":\"Centraal gelegen minicamping met rust en ruimte\",\"publisher\":{\"@id\":\"https:\/\/campingduinhoeve.com\/de\/#organization\"},\"alternateName\":\"Minicamping Duinhoeve\",\"potentialAction\":[{\"@type\":\"SearchAction\",\"target\":{\"@type\":\"EntryPoint\",\"urlTemplate\":\"https:\/\/campingduinhoeve.com\/de\/?s={search_term_string}\"},\"query-input\":{\"@type\":\"PropertyValueSpecification\",\"valueRequired\":true,\"valueName\":\"search_term_string\"}}],\"inLanguage\":\"de\"},{\"@type\":\"Organization\",\"@id\":\"https:\/\/campingduinhoeve.com\/de\/#organization\",\"name\":\"Camping Duinhoeve\",\"alternateName\":\"Minicamping Duinhoeve\",\"url\":\"https:\/\/campingduinhoeve.com\/de\/\",\"logo\":{\"@type\":\"ImageObject\",\"inLanguage\":\"de\",\"@id\":\"https:\/\/campingduinhoeve.com\/de\/#\/schema\/logo\/image\/\",\"url\":\"https:\/\/campingduinhoeve.com\/wp-content\/uploads\/2023\/07\/Yoast-1x1-1.jpg\",\"contentUrl\":\"https:\/\/campingduinhoeve.com\/wp-content\/uploads\/2023\/07\/Yoast-1x1-1.jpg\",\"width\":696,\"height\":696,\"caption\":\"Camping Duinhoeve\"},\"image\":{\"@id\":\"https:\/\/campingduinhoeve.com\/de\/#\/schema\/logo\/image\/\"},\"sameAs\":[\"https:\/\/www.facebook.com\/CampingDuinhoeve\"]}]}<\/script>\n<!-- \/ Yoast SEO plugin. -->","yoast_head_json":{"title":"Wanderer-H\u00fctte Piggelmee - Camping Duinhoeve Den Helder","robots":{"index":"index","follow":"follow","max-snippet":"max-snippet:-1","max-image-preview":"max-image-preview:large","max-video-preview":"max-video-preview:-1"},"canonical":"https:\/\/campingduinhoeve.com\/de\/wanderer-huette-piggelmee\/","og_locale":"de_DE","og_type":"article","og_title":"Wanderer-H\u00fctte Piggelmee - Camping Duinhoeve Den Helder","og_description":"Das Betreten der Blockh\u00fctte ist f\u00fcr Autoreisende nicht gestattet. Die Blockh\u00fctte ist ideal f\u00fcr aktive Wanderer (Rucksacktouristen) und Radfahrer. Eine \u00dcbernachtung in der Blockh\u00fctte ist f\u00fcr zwei Personen (NUR ERWACHSENE) ohne Auto geeignet. Schlafsackverleih ist ebenfalls m\u00f6glich: Schlafsackpaket inklusive Badepaket. 10 \u20ac pro Person \u2013 zahlbar in bar bei Ankunft. 1 Schlafsack + 1 Laken [&hellip;]","og_url":"https:\/\/campingduinhoeve.com\/de\/wanderer-huette-piggelmee\/","og_site_name":"Camping Duinhoeve Den Helder","article_publisher":"https:\/\/www.facebook.com\/CampingDuinhoeve","article_modified_time":"2025-08-08T13:28:22+00:00","og_image":[{"width":1024,"height":768,"url":"https:\/\/campingduinhoeve.com\/wp-content\/uploads\/2023\/06\/trekkershut-denhelder.jpg","type":"image\/jpeg"}],"twitter_card":"summary_large_image","twitter_misc":{"Gesch\u00e4tzte Lesezeit":"2\u00a0Minuten"},"schema":{"@context":"https:\/\/schema.org","@graph":[{"@type":"WebPage","@id":"https:\/\/campingduinhoeve.com\/de\/wanderer-huette-piggelmee\/","url":"https:\/\/campingduinhoeve.com\/de\/wanderer-huette-piggelmee\/","name":"Wanderer-H\u00fctte Piggelmee - Camping Duinhoeve Den Helder","isPartOf":{"@id":"https:\/\/campingduinhoeve.com\/de\/#website"},"primaryImageOfPage":{"@id":"https:\/\/campingduinhoeve.com\/de\/wanderer-huette-piggelmee\/#primaryimage"},"image":{"@id":"https:\/\/campingduinhoeve.com\/de\/wanderer-huette-piggelmee\/#primaryimage"},"thumbnailUrl":"https:\/\/campingduinhoeve.com\/wp-content\/uploads\/2023\/06\/trekkershut-denhelder.jpg","datePublished":"2023-06-19T11:46:23+00:00","dateModified":"2025-08-08T13:28:22+00:00","breadcrumb":{"@id":"https:\/\/campingduinhoeve.com\/de\/wanderer-huette-piggelmee\/#breadcrumb"},"inLanguage":"de","potentialAction":[{"@type":"ReadAction","target":["https:\/\/campingduinhoeve.com\/de\/wanderer-huette-piggelmee\/"]}]},{"@type":"ImageObject","inLanguage":"de","@id":"https:\/\/campingduinhoeve.com\/de\/wanderer-huette-piggelmee\/#primaryimage","url":"https:\/\/campingduinhoeve.com\/wp-content\/uploads\/2023\/06\/trekkershut-denhelder.jpg","contentUrl":"https:\/\/campingduinhoeve.com\/wp-content\/uploads\/2023\/06\/trekkershut-denhelder.jpg","width":1024,"height":768},{"@type":"BreadcrumbList","@id":"https:\/\/campingduinhoeve.com\/de\/wanderer-huette-piggelmee\/#breadcrumb","itemListElement":[{"@type":"ListItem","position":1,"name":"Home","item":"https:\/\/campingduinhoeve.com\/de\/"},{"@type":"ListItem","position":2,"name":"Wanderer-H\u00fctte Piggelmee"}]},{"@type":"WebSite","@id":"https:\/\/campingduinhoeve.com\/de\/#website","url":"https:\/\/campingduinhoeve.com\/de\/","name":"Camping Duinhoeve Den Helder","description":"Centraal gelegen minicamping met rust en ruimte","publisher":{"@id":"https:\/\/campingduinhoeve.com\/de\/#organization"},"alternateName":"Minicamping Duinhoeve","potentialAction":[{"@type":"SearchAction","target":{"@type":"EntryPoint","urlTemplate":"https:\/\/campingduinhoeve.com\/de\/?s={search_term_string}"},"query-input":{"@type":"PropertyValueSpecification","valueRequired":true,"valueName":"search_term_string"}}],"inLanguage":"de"},{"@type":"Organization","@id":"https:\/\/campingduinhoeve.com\/de\/#organization","name":"Camping Duinhoeve","alternateName":"Minicamping Duinhoeve","url":"https:\/\/campingduinhoeve.com\/de\/","logo":{"@type":"ImageObject","inLanguage":"de","@id":"https:\/\/campingduinhoeve.com\/de\/#\/schema\/logo\/image\/","url":"https:\/\/campingduinhoeve.com\/wp-content\/uploads\/2023\/07\/Yoast-1x1-1.jpg","contentUrl":"https:\/\/campingduinhoeve.com\/wp-content\/uploads\/2023\/07\/Yoast-1x1-1.jpg","width":696,"height":696,"caption":"Camping Duinhoeve"},"image":{"@id":"https:\/\/campingduinhoeve.com\/de\/#\/schema\/logo\/image\/"},"sameAs":["https:\/\/www.facebook.com\/CampingDuinhoeve"]}]}},"_links":{"self":[{"href":"https:\/\/campingduinhoeve.com\/de\/wp-json\/wp\/v2\/pages\/471","targetHints":{"allow":["GET"]}}],"collection":[{"href":"https:\/\/campingduinhoeve.com\/de\/wp-json\/wp\/v2\/pages"}],"about":[{"href":"https:\/\/campingduinhoeve.com\/de\/wp-json\/wp\/v2\/types\/page"}],"author":[{"embeddable":true,"href":"https:\/\/campingduinhoeve.com\/de\/wp-json\/wp\/v2\/users\/1"}],"replies":[{"embeddable":true,"href":"https:\/\/campingduinhoeve.com\/de\/wp-json\/wp\/v2\/comments?post=471"}],"version-history":[{"count":14,"href":"https:\/\/campingduinhoeve.com\/de\/wp-json\/wp\/v2\/pages\/471\/revisions"}],"predecessor-version":[{"id":1434,"href":"https:\/\/campingduinhoeve.com\/de\/wp-json\/wp\/v2\/pages\/471\/revisions\/1434"}],"wp:featuredmedia":[{"embeddable":true,"href":"https:\/\/campingduinhoeve.com\/de\/wp-json\/wp\/v2\/media\/318"}],"wp:attachment":[{"href":"https:\/\/campingduinhoeve.com\/de\/wp-json\/wp\/v2\/media?parent=471"}],"curies":[{"name":"wp","href":"https:\/\/api.w.org\/{rel}","templated":true}]}}