{"id":670,"date":"2023-06-12T12:18:28","date_gmt":"2023-06-12T10:18:28","guid":{"rendered":"https:\/\/campingduinhoeve.com\/?page_id=670"},"modified":"2025-08-08T15:26:05","modified_gmt":"2025-08-08T13:26:05","slug":"minicamping-duinhoeve","status":"publish","type":"page","link":"https:\/\/campingduinhoeve.com\/fr\/","title":{"rendered":"Minicamping Duinhoeve"},"content":{"rendered":"<p>Le mini-camping-studio-chalet de randonneurs et maison d&rsquo;\u00e9t\u00e9 Duinhoeve est situ\u00e9 dans le hameau de Koegras, entre Julianadorp et Den Helder. Ce camping \u00ab\u00a0R\u00c9SERV\u00c9 AUX ADULTES\u00a0\u00bb (\u00e0 partir de 27\u00a0ans) situ\u00e9 dans le Noordkop est sp\u00e9cialement con\u00e7u pour les personnes partant en vacances sans enfants. Ceci est tr\u00e8s important pour vous, en tant que client, car cela nous permet de vous offrir encore plus de calme et d&rsquo;intimit\u00e9. Le camping est ouvert du 18\u00a0avril au 21\u00a0septembre. Le camping Duinhoeve est un camping sans voiture. Les v\u00e9hicules sont situ\u00e9s sur les emplacements de parking pr\u00e9vus \u00e0 cet effet. Lors du montage et du d\u00e9montage, il est permis d&rsquo;entrer sur le camping avec la voiture ou le camping-car \u00e0 l&rsquo;arriv\u00e9e et au d\u00e9part. Presque tous les emplacements sont pav\u00e9s\u00a0; sur les emplacements non pav\u00e9s, les tapis de sol sont interdits, ce qui nous permet de pr\u00e9server la beaut\u00e9 de notre pelouse. Nous sommes joignables par t\u00e9l\u00e9phone du lundi au samedi de 13\u00a0h \u00e0 17\u00a0h. Nombre de campeurs maximum. 7,20 m\u00e8tres jusqu&rsquo;\u00e0 3500 kg, les essieux tandem ne sont pas autoris\u00e9s Nous devons parfois faire des exceptions avec les r\u00e9servations, il est donc possible qu&rsquo;AUCUN CAMPERVANS (petit camping-car) ne soit plac\u00e9 sur les emplacements, nous voulons refuser le moins de clients possible.<\/p>\n","protected":false},"excerpt":{"rendered":"<p>Le mini-camping-studio-chalet de randonneurs et maison d&rsquo;\u00e9t\u00e9 Duinhoeve est situ\u00e9 dans le hameau de Koegras, entre Julianadorp et Den Helder. Ce camping \u00ab\u00a0R\u00c9SERV\u00c9 AUX ADULTES\u00a0\u00bb (\u00e0 partir de 27\u00a0ans) situ\u00e9 dans le Noordkop est sp\u00e9cialement con\u00e7u pour les personnes partant en vacances sans enfants. Ceci est tr\u00e8s important pour vous, en tant que client, car [&hellip;]<\/p>\n","protected":false},"author":1,"featured_media":569,"parent":0,"menu_order":0,"comment_status":"closed","ping_status":"closed","template":"","meta":{"_acf_changed":false,"footnotes":""},"class_list":["post-670","page","type-page","status-publish","has-post-thumbnail","hentry"],"acf":[],"yoast_head":"<!-- This site is optimized with the Yoast SEO plugin v25.4 - https:\/\/yoast.com\/wordpress\/plugins\/seo\/ -->\n<title>Minicamping Duinhoeve - Camping Duinhoeve Den Helder<\/title>\n<meta name=\"description\" content=\"Le mini camping et maison d&#039;\u00e9t\u00e9 Duinhoeve offre calme et espace, sp\u00e9cifiquement destin\u00e9 aux personnes qui partent en vacances sans enfants\" \/>\n<meta name=\"robots\" content=\"index, follow, max-snippet:-1, max-image-preview:large, max-video-preview:-1\" \/>\n<link rel=\"canonical\" href=\"https:\/\/campingduinhoeve.com\/fr\/\" \/>\n<meta property=\"og:locale\" content=\"fr_FR\" \/>\n<meta property=\"og:type\" content=\"article\" \/>\n<meta property=\"og:title\" content=\"Minicamping Duinhoeve - Camping Duinhoeve Den Helder\" \/>\n<meta property=\"og:description\" content=\"Le mini camping et maison d&#039;\u00e9t\u00e9 Duinhoeve offre calme et espace, sp\u00e9cifiquement destin\u00e9 aux personnes qui partent en vacances sans enfants\" \/>\n<meta property=\"og:url\" content=\"https:\/\/campingduinhoeve.com\/fr\/\" \/>\n<meta property=\"og:site_name\" content=\"Camping Duinhoeve Den Helder\" \/>\n<meta property=\"article:publisher\" content=\"https:\/\/www.facebook.com\/CampingDuinhoeve\" \/>\n<meta property=\"article:modified_time\" content=\"2025-08-08T13:26:05+00:00\" \/>\n<meta property=\"og:image\" content=\"https:\/\/campingduinhoeve.com\/wp-content\/uploads\/2023\/06\/minicamping-duinhoeve-denhelder-2.jpg\" \/>\n\t<meta property=\"og:image:width\" content=\"1920\" \/>\n\t<meta property=\"og:image:height\" content=\"1440\" \/>\n\t<meta property=\"og:image:type\" content=\"image\/jpeg\" \/>\n<meta name=\"twitter:card\" content=\"summary_large_image\" \/>\n<meta name=\"twitter:label1\" content=\"Dur\u00e9e de lecture estim\u00e9e\" \/>\n\t<meta name=\"twitter:data1\" content=\"3 minutes\" \/>\n<script type=\"application\/ld+json\" class=\"yoast-schema-graph\">{\"@context\":\"https:\/\/schema.org\",\"@graph\":[{\"@type\":\"WebPage\",\"@id\":\"https:\/\/campingduinhoeve.com\/fr\/\",\"url\":\"https:\/\/campingduinhoeve.com\/fr\/\",\"name\":\"Minicamping Duinhoeve - Camping Duinhoeve Den Helder\",\"isPartOf\":{\"@id\":\"https:\/\/campingduinhoeve.com\/fr\/#website\"},\"primaryImageOfPage\":{\"@id\":\"https:\/\/campingduinhoeve.com\/fr\/#primaryimage\"},\"image\":{\"@id\":\"https:\/\/campingduinhoeve.com\/fr\/#primaryimage\"},\"thumbnailUrl\":\"https:\/\/campingduinhoeve.com\/wp-content\/uploads\/2023\/06\/minicamping-duinhoeve-denhelder-2.jpg\",\"datePublished\":\"2023-06-12T10:18:28+00:00\",\"dateModified\":\"2025-08-08T13:26:05+00:00\",\"description\":\"Le mini camping et maison d'\u00e9t\u00e9 Duinhoeve offre calme et espace, sp\u00e9cifiquement destin\u00e9 aux personnes qui partent en vacances sans enfants\",\"breadcrumb\":{\"@id\":\"https:\/\/campingduinhoeve.com\/fr\/#breadcrumb\"},\"inLanguage\":\"fr-FR\",\"potentialAction\":[{\"@type\":\"ReadAction\",\"target\":[\"https:\/\/campingduinhoeve.com\/fr\/\"]}]},{\"@type\":\"ImageObject\",\"inLanguage\":\"fr-FR\",\"@id\":\"https:\/\/campingduinhoeve.com\/fr\/#primaryimage\",\"url\":\"https:\/\/campingduinhoeve.com\/wp-content\/uploads\/2023\/06\/minicamping-duinhoeve-denhelder-2.jpg\",\"contentUrl\":\"https:\/\/campingduinhoeve.com\/wp-content\/uploads\/2023\/06\/minicamping-duinhoeve-denhelder-2.jpg\",\"width\":1920,\"height\":1440},{\"@type\":\"BreadcrumbList\",\"@id\":\"https:\/\/campingduinhoeve.com\/fr\/#breadcrumb\",\"itemListElement\":[{\"@type\":\"ListItem\",\"position\":1,\"name\":\"Home\",\"item\":\"https:\/\/campingduinhoeve.com\/fr\/\"},{\"@type\":\"ListItem\",\"position\":2,\"name\":\"Minicamping Duinhoeve\"}]},{\"@type\":\"WebSite\",\"@id\":\"https:\/\/campingduinhoeve.com\/fr\/#website\",\"url\":\"https:\/\/campingduinhoeve.com\/fr\/\",\"name\":\"Camping Duinhoeve Den Helder\",\"description\":\"Centraal gelegen minicamping met rust en ruimte\",\"publisher\":{\"@id\":\"https:\/\/campingduinhoeve.com\/fr\/#organization\"},\"alternateName\":\"Minicamping Duinhoeve\",\"potentialAction\":[{\"@type\":\"SearchAction\",\"target\":{\"@type\":\"EntryPoint\",\"urlTemplate\":\"https:\/\/campingduinhoeve.com\/fr\/?s={search_term_string}\"},\"query-input\":{\"@type\":\"PropertyValueSpecification\",\"valueRequired\":true,\"valueName\":\"search_term_string\"}}],\"inLanguage\":\"fr-FR\"},{\"@type\":\"Organization\",\"@id\":\"https:\/\/campingduinhoeve.com\/fr\/#organization\",\"name\":\"Camping Duinhoeve\",\"alternateName\":\"Minicamping Duinhoeve\",\"url\":\"https:\/\/campingduinhoeve.com\/fr\/\",\"logo\":{\"@type\":\"ImageObject\",\"inLanguage\":\"fr-FR\",\"@id\":\"https:\/\/campingduinhoeve.com\/fr\/#\/schema\/logo\/image\/\",\"url\":\"https:\/\/campingduinhoeve.com\/wp-content\/uploads\/2023\/07\/Yoast-1x1-1.jpg\",\"contentUrl\":\"https:\/\/campingduinhoeve.com\/wp-content\/uploads\/2023\/07\/Yoast-1x1-1.jpg\",\"width\":696,\"height\":696,\"caption\":\"Camping Duinhoeve\"},\"image\":{\"@id\":\"https:\/\/campingduinhoeve.com\/fr\/#\/schema\/logo\/image\/\"},\"sameAs\":[\"https:\/\/www.facebook.com\/CampingDuinhoeve\"]}]}<\/script>\n<!-- \/ Yoast SEO plugin. -->","yoast_head_json":{"title":"Minicamping Duinhoeve - Camping Duinhoeve Den Helder","description":"Le mini camping et maison d'\u00e9t\u00e9 Duinhoeve offre calme et espace, sp\u00e9cifiquement destin\u00e9 aux personnes qui partent en vacances sans enfants","robots":{"index":"index","follow":"follow","max-snippet":"max-snippet:-1","max-image-preview":"max-image-preview:large","max-video-preview":"max-video-preview:-1"},"canonical":"https:\/\/campingduinhoeve.com\/fr\/","og_locale":"fr_FR","og_type":"article","og_title":"Minicamping Duinhoeve - Camping Duinhoeve Den Helder","og_description":"Le mini camping et maison d'\u00e9t\u00e9 Duinhoeve offre calme et espace, sp\u00e9cifiquement destin\u00e9 aux personnes qui partent en vacances sans enfants","og_url":"https:\/\/campingduinhoeve.com\/fr\/","og_site_name":"Camping Duinhoeve Den Helder","article_publisher":"https:\/\/www.facebook.com\/CampingDuinhoeve","article_modified_time":"2025-08-08T13:26:05+00:00","og_image":[{"width":1920,"height":1440,"url":"https:\/\/campingduinhoeve.com\/wp-content\/uploads\/2023\/06\/minicamping-duinhoeve-denhelder-2.jpg","type":"image\/jpeg"}],"twitter_card":"summary_large_image","twitter_misc":{"Dur\u00e9e de lecture estim\u00e9e":"3 minutes"},"schema":{"@context":"https:\/\/schema.org","@graph":[{"@type":"WebPage","@id":"https:\/\/campingduinhoeve.com\/fr\/","url":"https:\/\/campingduinhoeve.com\/fr\/","name":"Minicamping Duinhoeve - Camping Duinhoeve Den Helder","isPartOf":{"@id":"https:\/\/campingduinhoeve.com\/fr\/#website"},"primaryImageOfPage":{"@id":"https:\/\/campingduinhoeve.com\/fr\/#primaryimage"},"image":{"@id":"https:\/\/campingduinhoeve.com\/fr\/#primaryimage"},"thumbnailUrl":"https:\/\/campingduinhoeve.com\/wp-content\/uploads\/2023\/06\/minicamping-duinhoeve-denhelder-2.jpg","datePublished":"2023-06-12T10:18:28+00:00","dateModified":"2025-08-08T13:26:05+00:00","description":"Le mini camping et maison d'\u00e9t\u00e9 Duinhoeve offre calme et espace, sp\u00e9cifiquement destin\u00e9 aux personnes qui partent en vacances sans enfants","breadcrumb":{"@id":"https:\/\/campingduinhoeve.com\/fr\/#breadcrumb"},"inLanguage":"fr-FR","potentialAction":[{"@type":"ReadAction","target":["https:\/\/campingduinhoeve.com\/fr\/"]}]},{"@type":"ImageObject","inLanguage":"fr-FR","@id":"https:\/\/campingduinhoeve.com\/fr\/#primaryimage","url":"https:\/\/campingduinhoeve.com\/wp-content\/uploads\/2023\/06\/minicamping-duinhoeve-denhelder-2.jpg","contentUrl":"https:\/\/campingduinhoeve.com\/wp-content\/uploads\/2023\/06\/minicamping-duinhoeve-denhelder-2.jpg","width":1920,"height":1440},{"@type":"BreadcrumbList","@id":"https:\/\/campingduinhoeve.com\/fr\/#breadcrumb","itemListElement":[{"@type":"ListItem","position":1,"name":"Home","item":"https:\/\/campingduinhoeve.com\/fr\/"},{"@type":"ListItem","position":2,"name":"Minicamping Duinhoeve"}]},{"@type":"WebSite","@id":"https:\/\/campingduinhoeve.com\/fr\/#website","url":"https:\/\/campingduinhoeve.com\/fr\/","name":"Camping Duinhoeve Den Helder","description":"Centraal gelegen minicamping met rust en ruimte","publisher":{"@id":"https:\/\/campingduinhoeve.com\/fr\/#organization"},"alternateName":"Minicamping Duinhoeve","potentialAction":[{"@type":"SearchAction","target":{"@type":"EntryPoint","urlTemplate":"https:\/\/campingduinhoeve.com\/fr\/?s={search_term_string}"},"query-input":{"@type":"PropertyValueSpecification","valueRequired":true,"valueName":"search_term_string"}}],"inLanguage":"fr-FR"},{"@type":"Organization","@id":"https:\/\/campingduinhoeve.com\/fr\/#organization","name":"Camping Duinhoeve","alternateName":"Minicamping Duinhoeve","url":"https:\/\/campingduinhoeve.com\/fr\/","logo":{"@type":"ImageObject","inLanguage":"fr-FR","@id":"https:\/\/campingduinhoeve.com\/fr\/#\/schema\/logo\/image\/","url":"https:\/\/campingduinhoeve.com\/wp-content\/uploads\/2023\/07\/Yoast-1x1-1.jpg","contentUrl":"https:\/\/campingduinhoeve.com\/wp-content\/uploads\/2023\/07\/Yoast-1x1-1.jpg","width":696,"height":696,"caption":"Camping Duinhoeve"},"image":{"@id":"https:\/\/campingduinhoeve.com\/fr\/#\/schema\/logo\/image\/"},"sameAs":["https:\/\/www.facebook.com\/CampingDuinhoeve"]}]}},"_links":{"self":[{"href":"https:\/\/campingduinhoeve.com\/fr\/wp-json\/wp\/v2\/pages\/670","targetHints":{"allow":["GET"]}}],"collection":[{"href":"https:\/\/campingduinhoeve.com\/fr\/wp-json\/wp\/v2\/pages"}],"about":[{"href":"https:\/\/campingduinhoeve.com\/fr\/wp-json\/wp\/v2\/types\/page"}],"author":[{"embeddable":true,"href":"https:\/\/campingduinhoeve.com\/fr\/wp-json\/wp\/v2\/users\/1"}],"replies":[{"embeddable":true,"href":"https:\/\/campingduinhoeve.com\/fr\/wp-json\/wp\/v2\/comments?post=670"}],"version-history":[{"count":8,"href":"https:\/\/campingduinhoeve.com\/fr\/wp-json\/wp\/v2\/pages\/670\/revisions"}],"predecessor-version":[{"id":1433,"href":"https:\/\/campingduinhoeve.com\/fr\/wp-json\/wp\/v2\/pages\/670\/revisions\/1433"}],"wp:featuredmedia":[{"embeddable":true,"href":"https:\/\/campingduinhoeve.com\/fr\/wp-json\/wp\/v2\/media\/569"}],"wp:attachment":[{"href":"https:\/\/campingduinhoeve.com\/fr\/wp-json\/wp\/v2\/media?parent=670"}],"curies":[{"name":"wp","href":"https:\/\/api.w.org\/{rel}","templated":true}]}}