{"id":695,"date":"2023-06-19T13:46:23","date_gmt":"2023-06-19T11:46:23","guid":{"rendered":"https:\/\/campingduinhoeve.com\/?page_id=695"},"modified":"2025-08-08T15:30:02","modified_gmt":"2025-08-08T13:30:02","slug":"cabane-en-rondins-piggelmee","status":"publish","type":"page","link":"https:\/\/campingduinhoeve.com\/fr\/cabane-en-rondins-piggelmee\/","title":{"rendered":"Cabane en rondins Piggelmee"},"content":{"rendered":"<h3><strong>L&rsquo;ACC\u00c8S AU CHALET EN RONDINS EST INTERDIT AUX VOITURES.<\/strong><\/h3>\n<h3>\nLe chalet en rondins est id\u00e9al pour les randonneurs actifs (sacs \u00e0 dos) et les cyclistes.<\/h3>\n<p>&nbsp;<\/p>\n<p>Une nuit\u00e9e dans le chalet en rondins est possible pour 2 personnes (ADULTES UNIQUEMENT) SANS VOITURE.<\/p>\n<p>LOCATION DE SACS DE COUCHAGE \u00c9GALEMENT DISPONIBLE\u00a0:<\/p>\n<p>Forfait sac de couchage avec kit de toilette. 10\u00a0\u20ac par personne, payable en esp\u00e8ces \u00e0 l&rsquo;arriv\u00e9e. 1 sac de couchage + 1 drap + 1 serviette + 1 drap de bain + 1 gant de toilette.<\/p>\n","protected":false},"excerpt":{"rendered":"<p>L&rsquo;ACC\u00c8S AU CHALET EN RONDINS EST INTERDIT AUX VOITURES. Le chalet en rondins est id\u00e9al pour les randonneurs actifs (sacs \u00e0 dos) et les cyclistes. &nbsp; Une nuit\u00e9e dans le chalet en rondins est possible pour 2 personnes (ADULTES UNIQUEMENT) SANS VOITURE. LOCATION DE SACS DE COUCHAGE \u00c9GALEMENT DISPONIBLE\u00a0: Forfait sac de couchage avec kit [&hellip;]<\/p>\n","protected":false},"author":1,"featured_media":575,"parent":0,"menu_order":4,"comment_status":"closed","ping_status":"closed","template":"","meta":{"_acf_changed":false,"footnotes":""},"class_list":["post-695","page","type-page","status-publish","has-post-thumbnail","hentry"],"acf":[],"yoast_head":"<!-- This site is optimized with the Yoast SEO plugin v25.4 - https:\/\/yoast.com\/wordpress\/plugins\/seo\/ -->\n<title>Cabane en rondins Piggelmee - Camping Duinhoeve Den Helder<\/title>\n<meta name=\"robots\" content=\"index, follow, max-snippet:-1, max-image-preview:large, max-video-preview:-1\" \/>\n<link rel=\"canonical\" href=\"https:\/\/campingduinhoeve.com\/fr\/cabane-en-rondins-piggelmee\/\" \/>\n<meta property=\"og:locale\" content=\"fr_FR\" \/>\n<meta property=\"og:type\" content=\"article\" \/>\n<meta property=\"og:title\" content=\"Cabane en rondins Piggelmee - Camping Duinhoeve Den Helder\" \/>\n<meta property=\"og:description\" content=\"L&rsquo;ACC\u00c8S AU CHALET EN RONDINS EST INTERDIT AUX VOITURES. Le chalet en rondins est id\u00e9al pour les randonneurs actifs (sacs \u00e0 dos) et les cyclistes. &nbsp; Une nuit\u00e9e dans le chalet en rondins est possible pour 2 personnes (ADULTES UNIQUEMENT) SANS VOITURE. LOCATION DE SACS DE COUCHAGE \u00c9GALEMENT DISPONIBLE\u00a0: Forfait sac de couchage avec kit [&hellip;]\" \/>\n<meta property=\"og:url\" content=\"https:\/\/campingduinhoeve.com\/fr\/cabane-en-rondins-piggelmee\/\" \/>\n<meta property=\"og:site_name\" content=\"Camping Duinhoeve Den Helder\" \/>\n<meta property=\"article:publisher\" content=\"https:\/\/www.facebook.com\/CampingDuinhoeve\" \/>\n<meta property=\"article:modified_time\" content=\"2025-08-08T13:30:02+00:00\" \/>\n<meta property=\"og:image\" content=\"https:\/\/campingduinhoeve.com\/wp-content\/uploads\/2023\/06\/trekkershut-denhelder.jpg\" \/>\n\t<meta property=\"og:image:width\" content=\"1024\" \/>\n\t<meta property=\"og:image:height\" content=\"768\" \/>\n\t<meta property=\"og:image:type\" content=\"image\/jpeg\" \/>\n<meta name=\"twitter:card\" content=\"summary_large_image\" \/>\n<meta name=\"twitter:label1\" content=\"Dur\u00e9e de lecture estim\u00e9e\" \/>\n\t<meta name=\"twitter:data1\" content=\"2 minutes\" \/>\n<script type=\"application\/ld+json\" class=\"yoast-schema-graph\">{\"@context\":\"https:\/\/schema.org\",\"@graph\":[{\"@type\":\"WebPage\",\"@id\":\"https:\/\/campingduinhoeve.com\/fr\/cabane-en-rondins-piggelmee\/\",\"url\":\"https:\/\/campingduinhoeve.com\/fr\/cabane-en-rondins-piggelmee\/\",\"name\":\"Cabane en rondins Piggelmee - Camping Duinhoeve Den Helder\",\"isPartOf\":{\"@id\":\"https:\/\/campingduinhoeve.com\/fr\/#website\"},\"primaryImageOfPage\":{\"@id\":\"https:\/\/campingduinhoeve.com\/fr\/cabane-en-rondins-piggelmee\/#primaryimage\"},\"image\":{\"@id\":\"https:\/\/campingduinhoeve.com\/fr\/cabane-en-rondins-piggelmee\/#primaryimage\"},\"thumbnailUrl\":\"https:\/\/campingduinhoeve.com\/wp-content\/uploads\/2023\/06\/trekkershut-denhelder.jpg\",\"datePublished\":\"2023-06-19T11:46:23+00:00\",\"dateModified\":\"2025-08-08T13:30:02+00:00\",\"breadcrumb\":{\"@id\":\"https:\/\/campingduinhoeve.com\/fr\/cabane-en-rondins-piggelmee\/#breadcrumb\"},\"inLanguage\":\"fr-FR\",\"potentialAction\":[{\"@type\":\"ReadAction\",\"target\":[\"https:\/\/campingduinhoeve.com\/fr\/cabane-en-rondins-piggelmee\/\"]}]},{\"@type\":\"ImageObject\",\"inLanguage\":\"fr-FR\",\"@id\":\"https:\/\/campingduinhoeve.com\/fr\/cabane-en-rondins-piggelmee\/#primaryimage\",\"url\":\"https:\/\/campingduinhoeve.com\/wp-content\/uploads\/2023\/06\/trekkershut-denhelder.jpg\",\"contentUrl\":\"https:\/\/campingduinhoeve.com\/wp-content\/uploads\/2023\/06\/trekkershut-denhelder.jpg\",\"width\":1024,\"height\":768},{\"@type\":\"BreadcrumbList\",\"@id\":\"https:\/\/campingduinhoeve.com\/fr\/cabane-en-rondins-piggelmee\/#breadcrumb\",\"itemListElement\":[{\"@type\":\"ListItem\",\"position\":1,\"name\":\"Home\",\"item\":\"https:\/\/campingduinhoeve.com\/fr\/\"},{\"@type\":\"ListItem\",\"position\":2,\"name\":\"Cabane en rondins Piggelmee\"}]},{\"@type\":\"WebSite\",\"@id\":\"https:\/\/campingduinhoeve.com\/fr\/#website\",\"url\":\"https:\/\/campingduinhoeve.com\/fr\/\",\"name\":\"Camping Duinhoeve Den Helder\",\"description\":\"Centraal gelegen minicamping met rust en ruimte\",\"publisher\":{\"@id\":\"https:\/\/campingduinhoeve.com\/fr\/#organization\"},\"alternateName\":\"Minicamping Duinhoeve\",\"potentialAction\":[{\"@type\":\"SearchAction\",\"target\":{\"@type\":\"EntryPoint\",\"urlTemplate\":\"https:\/\/campingduinhoeve.com\/fr\/?s={search_term_string}\"},\"query-input\":{\"@type\":\"PropertyValueSpecification\",\"valueRequired\":true,\"valueName\":\"search_term_string\"}}],\"inLanguage\":\"fr-FR\"},{\"@type\":\"Organization\",\"@id\":\"https:\/\/campingduinhoeve.com\/fr\/#organization\",\"name\":\"Camping Duinhoeve\",\"alternateName\":\"Minicamping Duinhoeve\",\"url\":\"https:\/\/campingduinhoeve.com\/fr\/\",\"logo\":{\"@type\":\"ImageObject\",\"inLanguage\":\"fr-FR\",\"@id\":\"https:\/\/campingduinhoeve.com\/fr\/#\/schema\/logo\/image\/\",\"url\":\"https:\/\/campingduinhoeve.com\/wp-content\/uploads\/2023\/07\/Yoast-1x1-1.jpg\",\"contentUrl\":\"https:\/\/campingduinhoeve.com\/wp-content\/uploads\/2023\/07\/Yoast-1x1-1.jpg\",\"width\":696,\"height\":696,\"caption\":\"Camping Duinhoeve\"},\"image\":{\"@id\":\"https:\/\/campingduinhoeve.com\/fr\/#\/schema\/logo\/image\/\"},\"sameAs\":[\"https:\/\/www.facebook.com\/CampingDuinhoeve\"]}]}<\/script>\n<!-- \/ Yoast SEO plugin. -->","yoast_head_json":{"title":"Cabane en rondins Piggelmee - Camping Duinhoeve Den Helder","robots":{"index":"index","follow":"follow","max-snippet":"max-snippet:-1","max-image-preview":"max-image-preview:large","max-video-preview":"max-video-preview:-1"},"canonical":"https:\/\/campingduinhoeve.com\/fr\/cabane-en-rondins-piggelmee\/","og_locale":"fr_FR","og_type":"article","og_title":"Cabane en rondins Piggelmee - Camping Duinhoeve Den Helder","og_description":"L&rsquo;ACC\u00c8S AU CHALET EN RONDINS EST INTERDIT AUX VOITURES. Le chalet en rondins est id\u00e9al pour les randonneurs actifs (sacs \u00e0 dos) et les cyclistes. &nbsp; Une nuit\u00e9e dans le chalet en rondins est possible pour 2 personnes (ADULTES UNIQUEMENT) SANS VOITURE. LOCATION DE SACS DE COUCHAGE \u00c9GALEMENT DISPONIBLE\u00a0: Forfait sac de couchage avec kit [&hellip;]","og_url":"https:\/\/campingduinhoeve.com\/fr\/cabane-en-rondins-piggelmee\/","og_site_name":"Camping Duinhoeve Den Helder","article_publisher":"https:\/\/www.facebook.com\/CampingDuinhoeve","article_modified_time":"2025-08-08T13:30:02+00:00","og_image":[{"width":1024,"height":768,"url":"https:\/\/campingduinhoeve.com\/wp-content\/uploads\/2023\/06\/trekkershut-denhelder.jpg","type":"image\/jpeg"}],"twitter_card":"summary_large_image","twitter_misc":{"Dur\u00e9e de lecture estim\u00e9e":"2 minutes"},"schema":{"@context":"https:\/\/schema.org","@graph":[{"@type":"WebPage","@id":"https:\/\/campingduinhoeve.com\/fr\/cabane-en-rondins-piggelmee\/","url":"https:\/\/campingduinhoeve.com\/fr\/cabane-en-rondins-piggelmee\/","name":"Cabane en rondins Piggelmee - Camping Duinhoeve Den Helder","isPartOf":{"@id":"https:\/\/campingduinhoeve.com\/fr\/#website"},"primaryImageOfPage":{"@id":"https:\/\/campingduinhoeve.com\/fr\/cabane-en-rondins-piggelmee\/#primaryimage"},"image":{"@id":"https:\/\/campingduinhoeve.com\/fr\/cabane-en-rondins-piggelmee\/#primaryimage"},"thumbnailUrl":"https:\/\/campingduinhoeve.com\/wp-content\/uploads\/2023\/06\/trekkershut-denhelder.jpg","datePublished":"2023-06-19T11:46:23+00:00","dateModified":"2025-08-08T13:30:02+00:00","breadcrumb":{"@id":"https:\/\/campingduinhoeve.com\/fr\/cabane-en-rondins-piggelmee\/#breadcrumb"},"inLanguage":"fr-FR","potentialAction":[{"@type":"ReadAction","target":["https:\/\/campingduinhoeve.com\/fr\/cabane-en-rondins-piggelmee\/"]}]},{"@type":"ImageObject","inLanguage":"fr-FR","@id":"https:\/\/campingduinhoeve.com\/fr\/cabane-en-rondins-piggelmee\/#primaryimage","url":"https:\/\/campingduinhoeve.com\/wp-content\/uploads\/2023\/06\/trekkershut-denhelder.jpg","contentUrl":"https:\/\/campingduinhoeve.com\/wp-content\/uploads\/2023\/06\/trekkershut-denhelder.jpg","width":1024,"height":768},{"@type":"BreadcrumbList","@id":"https:\/\/campingduinhoeve.com\/fr\/cabane-en-rondins-piggelmee\/#breadcrumb","itemListElement":[{"@type":"ListItem","position":1,"name":"Home","item":"https:\/\/campingduinhoeve.com\/fr\/"},{"@type":"ListItem","position":2,"name":"Cabane en rondins Piggelmee"}]},{"@type":"WebSite","@id":"https:\/\/campingduinhoeve.com\/fr\/#website","url":"https:\/\/campingduinhoeve.com\/fr\/","name":"Camping Duinhoeve Den Helder","description":"Centraal gelegen minicamping met rust en ruimte","publisher":{"@id":"https:\/\/campingduinhoeve.com\/fr\/#organization"},"alternateName":"Minicamping Duinhoeve","potentialAction":[{"@type":"SearchAction","target":{"@type":"EntryPoint","urlTemplate":"https:\/\/campingduinhoeve.com\/fr\/?s={search_term_string}"},"query-input":{"@type":"PropertyValueSpecification","valueRequired":true,"valueName":"search_term_string"}}],"inLanguage":"fr-FR"},{"@type":"Organization","@id":"https:\/\/campingduinhoeve.com\/fr\/#organization","name":"Camping Duinhoeve","alternateName":"Minicamping Duinhoeve","url":"https:\/\/campingduinhoeve.com\/fr\/","logo":{"@type":"ImageObject","inLanguage":"fr-FR","@id":"https:\/\/campingduinhoeve.com\/fr\/#\/schema\/logo\/image\/","url":"https:\/\/campingduinhoeve.com\/wp-content\/uploads\/2023\/07\/Yoast-1x1-1.jpg","contentUrl":"https:\/\/campingduinhoeve.com\/wp-content\/uploads\/2023\/07\/Yoast-1x1-1.jpg","width":696,"height":696,"caption":"Camping Duinhoeve"},"image":{"@id":"https:\/\/campingduinhoeve.com\/fr\/#\/schema\/logo\/image\/"},"sameAs":["https:\/\/www.facebook.com\/CampingDuinhoeve"]}]}},"_links":{"self":[{"href":"https:\/\/campingduinhoeve.com\/fr\/wp-json\/wp\/v2\/pages\/695","targetHints":{"allow":["GET"]}}],"collection":[{"href":"https:\/\/campingduinhoeve.com\/fr\/wp-json\/wp\/v2\/pages"}],"about":[{"href":"https:\/\/campingduinhoeve.com\/fr\/wp-json\/wp\/v2\/types\/page"}],"author":[{"embeddable":true,"href":"https:\/\/campingduinhoeve.com\/fr\/wp-json\/wp\/v2\/users\/1"}],"replies":[{"embeddable":true,"href":"https:\/\/campingduinhoeve.com\/fr\/wp-json\/wp\/v2\/comments?post=695"}],"version-history":[{"count":11,"href":"https:\/\/campingduinhoeve.com\/fr\/wp-json\/wp\/v2\/pages\/695\/revisions"}],"predecessor-version":[{"id":1436,"href":"https:\/\/campingduinhoeve.com\/fr\/wp-json\/wp\/v2\/pages\/695\/revisions\/1436"}],"wp:featuredmedia":[{"embeddable":true,"href":"https:\/\/campingduinhoeve.com\/fr\/wp-json\/wp\/v2\/media\/575"}],"wp:attachment":[{"href":"https:\/\/campingduinhoeve.com\/fr\/wp-json\/wp\/v2\/media?parent=695"}],"curies":[{"name":"wp","href":"https:\/\/api.w.org\/{rel}","templated":true}]}}