{"id":701,"date":"2023-06-12T12:18:41","date_gmt":"2023-06-12T10:18:41","guid":{"rendered":"https:\/\/campingduinhoeve.com\/?page_id=701"},"modified":"2024-05-02T16:56:02","modified_gmt":"2024-05-02T14:56:02","slug":"emplacements","status":"publish","type":"page","link":"https:\/\/campingduinhoeve.com\/fr\/emplacements\/","title":{"rendered":"Emplacements"},"content":{"rendered":"<p>Notre camping est situ\u00e9 juste \u00e0 l&rsquo;ext\u00e9rieur de Julianadorp et de Den Helder, au pied des dunes. Toutes les principales commodit\u00e9s sont accessibles \u00e0 pied ou \u00e0 v\u00e9lo. Les installations sont modernes et bien entretenues. Nous travaillons en petite \u00e9quipe, nous connaissons nos clients et nous sommes heureux de vous servir.<\/p>\n","protected":false},"excerpt":{"rendered":"<p>Notre camping est situ\u00e9 juste \u00e0 l&rsquo;ext\u00e9rieur de Julianadorp et de Den Helder, au pied des dunes. Toutes les principales commodit\u00e9s sont accessibles \u00e0 pied ou \u00e0 v\u00e9lo. Les installations sont modernes et bien entretenues. Nous travaillons en petite \u00e9quipe, nous connaissons nos clients et nous sommes heureux de vous servir.<\/p>\n","protected":false},"author":1,"featured_media":0,"parent":0,"menu_order":3,"comment_status":"closed","ping_status":"closed","template":"","meta":{"_acf_changed":false,"footnotes":""},"class_list":["post-701","page","type-page","status-publish","hentry"],"acf":[],"yoast_head":"<!-- This site is optimized with the Yoast SEO plugin v25.4 - https:\/\/yoast.com\/wordpress\/plugins\/seo\/ -->\n<title>Emplacements - Camping Duinhoeve Den Helder<\/title>\n<meta name=\"robots\" content=\"index, follow, max-snippet:-1, max-image-preview:large, max-video-preview:-1\" \/>\n<link rel=\"canonical\" href=\"https:\/\/campingduinhoeve.com\/fr\/emplacements\/\" \/>\n<meta property=\"og:locale\" content=\"fr_FR\" \/>\n<meta property=\"og:type\" content=\"article\" \/>\n<meta property=\"og:title\" content=\"Emplacements - Camping Duinhoeve Den Helder\" \/>\n<meta property=\"og:description\" content=\"Notre camping est situ\u00e9 juste \u00e0 l&rsquo;ext\u00e9rieur de Julianadorp et de Den Helder, au pied des dunes. Toutes les principales commodit\u00e9s sont accessibles \u00e0 pied ou \u00e0 v\u00e9lo. Les installations sont modernes et bien entretenues. Nous travaillons en petite \u00e9quipe, nous connaissons nos clients et nous sommes heureux de vous servir.\" \/>\n<meta property=\"og:url\" content=\"https:\/\/campingduinhoeve.com\/fr\/emplacements\/\" \/>\n<meta property=\"og:site_name\" content=\"Camping Duinhoeve Den Helder\" \/>\n<meta property=\"article:publisher\" content=\"https:\/\/www.facebook.com\/CampingDuinhoeve\" \/>\n<meta property=\"article:modified_time\" content=\"2024-05-02T14:56:02+00:00\" \/>\n<meta property=\"og:image\" content=\"https:\/\/campingduinhoeve.com\/wp-content\/uploads\/2023\/07\/duinhoeve_og.jpg\" \/>\n\t<meta property=\"og:image:width\" content=\"1200\" \/>\n\t<meta property=\"og:image:height\" content=\"675\" \/>\n\t<meta property=\"og:image:type\" content=\"image\/jpeg\" \/>\n<meta name=\"twitter:card\" content=\"summary_large_image\" \/>\n<meta name=\"twitter:label1\" content=\"Dur\u00e9e de lecture estim\u00e9e\" \/>\n\t<meta name=\"twitter:data1\" content=\"1 minute\" \/>\n<script type=\"application\/ld+json\" class=\"yoast-schema-graph\">{\"@context\":\"https:\/\/schema.org\",\"@graph\":[{\"@type\":\"WebPage\",\"@id\":\"https:\/\/campingduinhoeve.com\/fr\/emplacements\/\",\"url\":\"https:\/\/campingduinhoeve.com\/fr\/emplacements\/\",\"name\":\"Emplacements - Camping Duinhoeve Den Helder\",\"isPartOf\":{\"@id\":\"https:\/\/campingduinhoeve.com\/fr\/#website\"},\"datePublished\":\"2023-06-12T10:18:41+00:00\",\"dateModified\":\"2024-05-02T14:56:02+00:00\",\"breadcrumb\":{\"@id\":\"https:\/\/campingduinhoeve.com\/fr\/emplacements\/#breadcrumb\"},\"inLanguage\":\"fr-FR\",\"potentialAction\":[{\"@type\":\"ReadAction\",\"target\":[\"https:\/\/campingduinhoeve.com\/fr\/emplacements\/\"]}]},{\"@type\":\"BreadcrumbList\",\"@id\":\"https:\/\/campingduinhoeve.com\/fr\/emplacements\/#breadcrumb\",\"itemListElement\":[{\"@type\":\"ListItem\",\"position\":1,\"name\":\"Home\",\"item\":\"https:\/\/campingduinhoeve.com\/fr\/\"},{\"@type\":\"ListItem\",\"position\":2,\"name\":\"Emplacements\"}]},{\"@type\":\"WebSite\",\"@id\":\"https:\/\/campingduinhoeve.com\/fr\/#website\",\"url\":\"https:\/\/campingduinhoeve.com\/fr\/\",\"name\":\"Camping Duinhoeve Den Helder\",\"description\":\"Centraal gelegen minicamping met rust en ruimte\",\"publisher\":{\"@id\":\"https:\/\/campingduinhoeve.com\/fr\/#organization\"},\"alternateName\":\"Minicamping Duinhoeve\",\"potentialAction\":[{\"@type\":\"SearchAction\",\"target\":{\"@type\":\"EntryPoint\",\"urlTemplate\":\"https:\/\/campingduinhoeve.com\/fr\/?s={search_term_string}\"},\"query-input\":{\"@type\":\"PropertyValueSpecification\",\"valueRequired\":true,\"valueName\":\"search_term_string\"}}],\"inLanguage\":\"fr-FR\"},{\"@type\":\"Organization\",\"@id\":\"https:\/\/campingduinhoeve.com\/fr\/#organization\",\"name\":\"Camping Duinhoeve\",\"alternateName\":\"Minicamping Duinhoeve\",\"url\":\"https:\/\/campingduinhoeve.com\/fr\/\",\"logo\":{\"@type\":\"ImageObject\",\"inLanguage\":\"fr-FR\",\"@id\":\"https:\/\/campingduinhoeve.com\/fr\/#\/schema\/logo\/image\/\",\"url\":\"https:\/\/campingduinhoeve.com\/wp-content\/uploads\/2023\/07\/Yoast-1x1-1.jpg\",\"contentUrl\":\"https:\/\/campingduinhoeve.com\/wp-content\/uploads\/2023\/07\/Yoast-1x1-1.jpg\",\"width\":696,\"height\":696,\"caption\":\"Camping Duinhoeve\"},\"image\":{\"@id\":\"https:\/\/campingduinhoeve.com\/fr\/#\/schema\/logo\/image\/\"},\"sameAs\":[\"https:\/\/www.facebook.com\/CampingDuinhoeve\"]}]}<\/script>\n<!-- \/ Yoast SEO plugin. -->","yoast_head_json":{"title":"Emplacements - Camping Duinhoeve Den Helder","robots":{"index":"index","follow":"follow","max-snippet":"max-snippet:-1","max-image-preview":"max-image-preview:large","max-video-preview":"max-video-preview:-1"},"canonical":"https:\/\/campingduinhoeve.com\/fr\/emplacements\/","og_locale":"fr_FR","og_type":"article","og_title":"Emplacements - Camping Duinhoeve Den Helder","og_description":"Notre camping est situ\u00e9 juste \u00e0 l&rsquo;ext\u00e9rieur de Julianadorp et de Den Helder, au pied des dunes. Toutes les principales commodit\u00e9s sont accessibles \u00e0 pied ou \u00e0 v\u00e9lo. Les installations sont modernes et bien entretenues. Nous travaillons en petite \u00e9quipe, nous connaissons nos clients et nous sommes heureux de vous servir.","og_url":"https:\/\/campingduinhoeve.com\/fr\/emplacements\/","og_site_name":"Camping Duinhoeve Den Helder","article_publisher":"https:\/\/www.facebook.com\/CampingDuinhoeve","article_modified_time":"2024-05-02T14:56:02+00:00","og_image":[{"width":1200,"height":675,"url":"https:\/\/campingduinhoeve.com\/wp-content\/uploads\/2023\/07\/duinhoeve_og.jpg","type":"image\/jpeg"}],"twitter_card":"summary_large_image","twitter_misc":{"Dur\u00e9e de lecture estim\u00e9e":"1 minute"},"schema":{"@context":"https:\/\/schema.org","@graph":[{"@type":"WebPage","@id":"https:\/\/campingduinhoeve.com\/fr\/emplacements\/","url":"https:\/\/campingduinhoeve.com\/fr\/emplacements\/","name":"Emplacements - Camping Duinhoeve Den Helder","isPartOf":{"@id":"https:\/\/campingduinhoeve.com\/fr\/#website"},"datePublished":"2023-06-12T10:18:41+00:00","dateModified":"2024-05-02T14:56:02+00:00","breadcrumb":{"@id":"https:\/\/campingduinhoeve.com\/fr\/emplacements\/#breadcrumb"},"inLanguage":"fr-FR","potentialAction":[{"@type":"ReadAction","target":["https:\/\/campingduinhoeve.com\/fr\/emplacements\/"]}]},{"@type":"BreadcrumbList","@id":"https:\/\/campingduinhoeve.com\/fr\/emplacements\/#breadcrumb","itemListElement":[{"@type":"ListItem","position":1,"name":"Home","item":"https:\/\/campingduinhoeve.com\/fr\/"},{"@type":"ListItem","position":2,"name":"Emplacements"}]},{"@type":"WebSite","@id":"https:\/\/campingduinhoeve.com\/fr\/#website","url":"https:\/\/campingduinhoeve.com\/fr\/","name":"Camping Duinhoeve Den Helder","description":"Centraal gelegen minicamping met rust en ruimte","publisher":{"@id":"https:\/\/campingduinhoeve.com\/fr\/#organization"},"alternateName":"Minicamping Duinhoeve","potentialAction":[{"@type":"SearchAction","target":{"@type":"EntryPoint","urlTemplate":"https:\/\/campingduinhoeve.com\/fr\/?s={search_term_string}"},"query-input":{"@type":"PropertyValueSpecification","valueRequired":true,"valueName":"search_term_string"}}],"inLanguage":"fr-FR"},{"@type":"Organization","@id":"https:\/\/campingduinhoeve.com\/fr\/#organization","name":"Camping Duinhoeve","alternateName":"Minicamping Duinhoeve","url":"https:\/\/campingduinhoeve.com\/fr\/","logo":{"@type":"ImageObject","inLanguage":"fr-FR","@id":"https:\/\/campingduinhoeve.com\/fr\/#\/schema\/logo\/image\/","url":"https:\/\/campingduinhoeve.com\/wp-content\/uploads\/2023\/07\/Yoast-1x1-1.jpg","contentUrl":"https:\/\/campingduinhoeve.com\/wp-content\/uploads\/2023\/07\/Yoast-1x1-1.jpg","width":696,"height":696,"caption":"Camping Duinhoeve"},"image":{"@id":"https:\/\/campingduinhoeve.com\/fr\/#\/schema\/logo\/image\/"},"sameAs":["https:\/\/www.facebook.com\/CampingDuinhoeve"]}]}},"_links":{"self":[{"href":"https:\/\/campingduinhoeve.com\/fr\/wp-json\/wp\/v2\/pages\/701","targetHints":{"allow":["GET"]}}],"collection":[{"href":"https:\/\/campingduinhoeve.com\/fr\/wp-json\/wp\/v2\/pages"}],"about":[{"href":"https:\/\/campingduinhoeve.com\/fr\/wp-json\/wp\/v2\/types\/page"}],"author":[{"embeddable":true,"href":"https:\/\/campingduinhoeve.com\/fr\/wp-json\/wp\/v2\/users\/1"}],"replies":[{"embeddable":true,"href":"https:\/\/campingduinhoeve.com\/fr\/wp-json\/wp\/v2\/comments?post=701"}],"version-history":[{"count":5,"href":"https:\/\/campingduinhoeve.com\/fr\/wp-json\/wp\/v2\/pages\/701\/revisions"}],"predecessor-version":[{"id":1125,"href":"https:\/\/campingduinhoeve.com\/fr\/wp-json\/wp\/v2\/pages\/701\/revisions\/1125"}],"wp:attachment":[{"href":"https:\/\/campingduinhoeve.com\/fr\/wp-json\/wp\/v2\/media?parent=701"}],"curies":[{"name":"wp","href":"https:\/\/api.w.org\/{rel}","templated":true}]}}