{"id":705,"date":"2023-06-12T12:18:49","date_gmt":"2023-06-12T10:18:49","guid":{"rendered":"https:\/\/campingduinhoeve.com\/?page_id=705"},"modified":"2023-07-04T16:47:47","modified_gmt":"2023-07-04T14:47:47","slug":"maison-dete-duinhoeve","status":"publish","type":"page","link":"https:\/\/campingduinhoeve.com\/fr\/maison-dete-duinhoeve\/","title":{"rendered":"Maison d&rsquo;\u00e9t\u00e9 Duinhoeve"},"content":{"rendered":"<p>Summerhouse Duinhoeve est un lieu de d\u00e9tente. Le cottage est de plain-pied et enti\u00e8rement \u00e9quip\u00e9 pour accueillir jusqu&rsquo;\u00e0 4 personnes. Les chiens peuvent venir sur demande. Profitez de la terrasse spacieuse et explorez les environs.<\/p>\n","protected":false},"excerpt":{"rendered":"<p>Summerhouse Duinhoeve est un lieu de d\u00e9tente. Le cottage est de plain-pied et enti\u00e8rement \u00e9quip\u00e9 pour accueillir jusqu&rsquo;\u00e0 4 personnes. Les chiens peuvent venir sur demande. Profitez de la terrasse spacieuse et explorez les environs.<\/p>\n","protected":false},"author":1,"featured_media":614,"parent":0,"menu_order":21,"comment_status":"closed","ping_status":"closed","template":"","meta":{"_acf_changed":false,"footnotes":""},"class_list":["post-705","page","type-page","status-publish","has-post-thumbnail","hentry"],"acf":[],"yoast_head":"<!-- This site is optimized with the Yoast SEO plugin v25.4 - https:\/\/yoast.com\/wordpress\/plugins\/seo\/ -->\n<title>Maison d&#039;\u00e9t\u00e9 Duinhoeve - Camping Duinhoeve Den Helder<\/title>\n<meta name=\"robots\" content=\"index, follow, max-snippet:-1, max-image-preview:large, max-video-preview:-1\" \/>\n<link rel=\"canonical\" href=\"https:\/\/campingduinhoeve.com\/fr\/maison-dete-duinhoeve\/\" \/>\n<meta property=\"og:locale\" content=\"fr_FR\" \/>\n<meta property=\"og:type\" content=\"article\" \/>\n<meta property=\"og:title\" content=\"Maison d&#039;\u00e9t\u00e9 Duinhoeve - Camping Duinhoeve Den Helder\" \/>\n<meta property=\"og:description\" content=\"Summerhouse Duinhoeve est un lieu de d\u00e9tente. Le cottage est de plain-pied et enti\u00e8rement \u00e9quip\u00e9 pour accueillir jusqu&rsquo;\u00e0 4 personnes. Les chiens peuvent venir sur demande. Profitez de la terrasse spacieuse et explorez les environs.\" \/>\n<meta property=\"og:url\" content=\"https:\/\/campingduinhoeve.com\/fr\/maison-dete-duinhoeve\/\" \/>\n<meta property=\"og:site_name\" content=\"Camping Duinhoeve Den Helder\" \/>\n<meta property=\"article:publisher\" content=\"https:\/\/www.facebook.com\/CampingDuinhoeve\" \/>\n<meta property=\"article:modified_time\" content=\"2023-07-04T14:47:47+00:00\" \/>\n<meta property=\"og:image\" content=\"https:\/\/campingduinhoeve.com\/wp-content\/uploads\/2023\/06\/zomerhuis-duinhoeve-5.jpg\" \/>\n\t<meta property=\"og:image:width\" content=\"1920\" \/>\n\t<meta property=\"og:image:height\" content=\"1440\" \/>\n\t<meta property=\"og:image:type\" content=\"image\/jpeg\" \/>\n<meta name=\"twitter:card\" content=\"summary_large_image\" \/>\n<meta name=\"twitter:label1\" content=\"Dur\u00e9e de lecture estim\u00e9e\" \/>\n\t<meta name=\"twitter:data1\" content=\"1 minute\" \/>\n<script type=\"application\/ld+json\" class=\"yoast-schema-graph\">{\"@context\":\"https:\/\/schema.org\",\"@graph\":[{\"@type\":\"WebPage\",\"@id\":\"https:\/\/campingduinhoeve.com\/fr\/maison-dete-duinhoeve\/\",\"url\":\"https:\/\/campingduinhoeve.com\/fr\/maison-dete-duinhoeve\/\",\"name\":\"Maison d'\u00e9t\u00e9 Duinhoeve - Camping Duinhoeve Den Helder\",\"isPartOf\":{\"@id\":\"https:\/\/campingduinhoeve.com\/fr\/#website\"},\"primaryImageOfPage\":{\"@id\":\"https:\/\/campingduinhoeve.com\/fr\/maison-dete-duinhoeve\/#primaryimage\"},\"image\":{\"@id\":\"https:\/\/campingduinhoeve.com\/fr\/maison-dete-duinhoeve\/#primaryimage\"},\"thumbnailUrl\":\"https:\/\/campingduinhoeve.com\/wp-content\/uploads\/2023\/06\/zomerhuis-duinhoeve-5.jpg\",\"datePublished\":\"2023-06-12T10:18:49+00:00\",\"dateModified\":\"2023-07-04T14:47:47+00:00\",\"breadcrumb\":{\"@id\":\"https:\/\/campingduinhoeve.com\/fr\/maison-dete-duinhoeve\/#breadcrumb\"},\"inLanguage\":\"fr-FR\",\"potentialAction\":[{\"@type\":\"ReadAction\",\"target\":[\"https:\/\/campingduinhoeve.com\/fr\/maison-dete-duinhoeve\/\"]}]},{\"@type\":\"ImageObject\",\"inLanguage\":\"fr-FR\",\"@id\":\"https:\/\/campingduinhoeve.com\/fr\/maison-dete-duinhoeve\/#primaryimage\",\"url\":\"https:\/\/campingduinhoeve.com\/wp-content\/uploads\/2023\/06\/zomerhuis-duinhoeve-5.jpg\",\"contentUrl\":\"https:\/\/campingduinhoeve.com\/wp-content\/uploads\/2023\/06\/zomerhuis-duinhoeve-5.jpg\",\"width\":1920,\"height\":1440},{\"@type\":\"BreadcrumbList\",\"@id\":\"https:\/\/campingduinhoeve.com\/fr\/maison-dete-duinhoeve\/#breadcrumb\",\"itemListElement\":[{\"@type\":\"ListItem\",\"position\":1,\"name\":\"Home\",\"item\":\"https:\/\/campingduinhoeve.com\/fr\/\"},{\"@type\":\"ListItem\",\"position\":2,\"name\":\"Maison d&#8217;\u00e9t\u00e9 Duinhoeve\"}]},{\"@type\":\"WebSite\",\"@id\":\"https:\/\/campingduinhoeve.com\/fr\/#website\",\"url\":\"https:\/\/campingduinhoeve.com\/fr\/\",\"name\":\"Camping Duinhoeve Den Helder\",\"description\":\"Centraal gelegen minicamping met rust en ruimte\",\"publisher\":{\"@id\":\"https:\/\/campingduinhoeve.com\/fr\/#organization\"},\"alternateName\":\"Minicamping Duinhoeve\",\"potentialAction\":[{\"@type\":\"SearchAction\",\"target\":{\"@type\":\"EntryPoint\",\"urlTemplate\":\"https:\/\/campingduinhoeve.com\/fr\/?s={search_term_string}\"},\"query-input\":{\"@type\":\"PropertyValueSpecification\",\"valueRequired\":true,\"valueName\":\"search_term_string\"}}],\"inLanguage\":\"fr-FR\"},{\"@type\":\"Organization\",\"@id\":\"https:\/\/campingduinhoeve.com\/fr\/#organization\",\"name\":\"Camping Duinhoeve\",\"alternateName\":\"Minicamping Duinhoeve\",\"url\":\"https:\/\/campingduinhoeve.com\/fr\/\",\"logo\":{\"@type\":\"ImageObject\",\"inLanguage\":\"fr-FR\",\"@id\":\"https:\/\/campingduinhoeve.com\/fr\/#\/schema\/logo\/image\/\",\"url\":\"https:\/\/campingduinhoeve.com\/wp-content\/uploads\/2023\/07\/Yoast-1x1-1.jpg\",\"contentUrl\":\"https:\/\/campingduinhoeve.com\/wp-content\/uploads\/2023\/07\/Yoast-1x1-1.jpg\",\"width\":696,\"height\":696,\"caption\":\"Camping Duinhoeve\"},\"image\":{\"@id\":\"https:\/\/campingduinhoeve.com\/fr\/#\/schema\/logo\/image\/\"},\"sameAs\":[\"https:\/\/www.facebook.com\/CampingDuinhoeve\"]}]}<\/script>\n<!-- \/ Yoast SEO plugin. -->","yoast_head_json":{"title":"Maison d'\u00e9t\u00e9 Duinhoeve - Camping Duinhoeve Den Helder","robots":{"index":"index","follow":"follow","max-snippet":"max-snippet:-1","max-image-preview":"max-image-preview:large","max-video-preview":"max-video-preview:-1"},"canonical":"https:\/\/campingduinhoeve.com\/fr\/maison-dete-duinhoeve\/","og_locale":"fr_FR","og_type":"article","og_title":"Maison d'\u00e9t\u00e9 Duinhoeve - Camping Duinhoeve Den Helder","og_description":"Summerhouse Duinhoeve est un lieu de d\u00e9tente. Le cottage est de plain-pied et enti\u00e8rement \u00e9quip\u00e9 pour accueillir jusqu&rsquo;\u00e0 4 personnes. Les chiens peuvent venir sur demande. Profitez de la terrasse spacieuse et explorez les environs.","og_url":"https:\/\/campingduinhoeve.com\/fr\/maison-dete-duinhoeve\/","og_site_name":"Camping Duinhoeve Den Helder","article_publisher":"https:\/\/www.facebook.com\/CampingDuinhoeve","article_modified_time":"2023-07-04T14:47:47+00:00","og_image":[{"width":1920,"height":1440,"url":"https:\/\/campingduinhoeve.com\/wp-content\/uploads\/2023\/06\/zomerhuis-duinhoeve-5.jpg","type":"image\/jpeg"}],"twitter_card":"summary_large_image","twitter_misc":{"Dur\u00e9e de lecture estim\u00e9e":"1 minute"},"schema":{"@context":"https:\/\/schema.org","@graph":[{"@type":"WebPage","@id":"https:\/\/campingduinhoeve.com\/fr\/maison-dete-duinhoeve\/","url":"https:\/\/campingduinhoeve.com\/fr\/maison-dete-duinhoeve\/","name":"Maison d'\u00e9t\u00e9 Duinhoeve - Camping Duinhoeve Den Helder","isPartOf":{"@id":"https:\/\/campingduinhoeve.com\/fr\/#website"},"primaryImageOfPage":{"@id":"https:\/\/campingduinhoeve.com\/fr\/maison-dete-duinhoeve\/#primaryimage"},"image":{"@id":"https:\/\/campingduinhoeve.com\/fr\/maison-dete-duinhoeve\/#primaryimage"},"thumbnailUrl":"https:\/\/campingduinhoeve.com\/wp-content\/uploads\/2023\/06\/zomerhuis-duinhoeve-5.jpg","datePublished":"2023-06-12T10:18:49+00:00","dateModified":"2023-07-04T14:47:47+00:00","breadcrumb":{"@id":"https:\/\/campingduinhoeve.com\/fr\/maison-dete-duinhoeve\/#breadcrumb"},"inLanguage":"fr-FR","potentialAction":[{"@type":"ReadAction","target":["https:\/\/campingduinhoeve.com\/fr\/maison-dete-duinhoeve\/"]}]},{"@type":"ImageObject","inLanguage":"fr-FR","@id":"https:\/\/campingduinhoeve.com\/fr\/maison-dete-duinhoeve\/#primaryimage","url":"https:\/\/campingduinhoeve.com\/wp-content\/uploads\/2023\/06\/zomerhuis-duinhoeve-5.jpg","contentUrl":"https:\/\/campingduinhoeve.com\/wp-content\/uploads\/2023\/06\/zomerhuis-duinhoeve-5.jpg","width":1920,"height":1440},{"@type":"BreadcrumbList","@id":"https:\/\/campingduinhoeve.com\/fr\/maison-dete-duinhoeve\/#breadcrumb","itemListElement":[{"@type":"ListItem","position":1,"name":"Home","item":"https:\/\/campingduinhoeve.com\/fr\/"},{"@type":"ListItem","position":2,"name":"Maison d&#8217;\u00e9t\u00e9 Duinhoeve"}]},{"@type":"WebSite","@id":"https:\/\/campingduinhoeve.com\/fr\/#website","url":"https:\/\/campingduinhoeve.com\/fr\/","name":"Camping Duinhoeve Den Helder","description":"Centraal gelegen minicamping met rust en ruimte","publisher":{"@id":"https:\/\/campingduinhoeve.com\/fr\/#organization"},"alternateName":"Minicamping Duinhoeve","potentialAction":[{"@type":"SearchAction","target":{"@type":"EntryPoint","urlTemplate":"https:\/\/campingduinhoeve.com\/fr\/?s={search_term_string}"},"query-input":{"@type":"PropertyValueSpecification","valueRequired":true,"valueName":"search_term_string"}}],"inLanguage":"fr-FR"},{"@type":"Organization","@id":"https:\/\/campingduinhoeve.com\/fr\/#organization","name":"Camping Duinhoeve","alternateName":"Minicamping Duinhoeve","url":"https:\/\/campingduinhoeve.com\/fr\/","logo":{"@type":"ImageObject","inLanguage":"fr-FR","@id":"https:\/\/campingduinhoeve.com\/fr\/#\/schema\/logo\/image\/","url":"https:\/\/campingduinhoeve.com\/wp-content\/uploads\/2023\/07\/Yoast-1x1-1.jpg","contentUrl":"https:\/\/campingduinhoeve.com\/wp-content\/uploads\/2023\/07\/Yoast-1x1-1.jpg","width":696,"height":696,"caption":"Camping Duinhoeve"},"image":{"@id":"https:\/\/campingduinhoeve.com\/fr\/#\/schema\/logo\/image\/"},"sameAs":["https:\/\/www.facebook.com\/CampingDuinhoeve"]}]}},"_links":{"self":[{"href":"https:\/\/campingduinhoeve.com\/fr\/wp-json\/wp\/v2\/pages\/705","targetHints":{"allow":["GET"]}}],"collection":[{"href":"https:\/\/campingduinhoeve.com\/fr\/wp-json\/wp\/v2\/pages"}],"about":[{"href":"https:\/\/campingduinhoeve.com\/fr\/wp-json\/wp\/v2\/types\/page"}],"author":[{"embeddable":true,"href":"https:\/\/campingduinhoeve.com\/fr\/wp-json\/wp\/v2\/users\/1"}],"replies":[{"embeddable":true,"href":"https:\/\/campingduinhoeve.com\/fr\/wp-json\/wp\/v2\/comments?post=705"}],"version-history":[{"count":2,"href":"https:\/\/campingduinhoeve.com\/fr\/wp-json\/wp\/v2\/pages\/705\/revisions"}],"predecessor-version":[{"id":801,"href":"https:\/\/campingduinhoeve.com\/fr\/wp-json\/wp\/v2\/pages\/705\/revisions\/801"}],"wp:featuredmedia":[{"embeddable":true,"href":"https:\/\/campingduinhoeve.com\/fr\/wp-json\/wp\/v2\/media\/614"}],"wp:attachment":[{"href":"https:\/\/campingduinhoeve.com\/fr\/wp-json\/wp\/v2\/media?parent=705"}],"curies":[{"name":"wp","href":"https:\/\/api.w.org\/{rel}","templated":true}]}}