{"id":725,"date":"2023-06-12T12:19:12","date_gmt":"2023-06-12T10:19:12","guid":{"rendered":"https:\/\/campingduinhoeve.com\/?page_id=725"},"modified":"2023-07-06T14:14:15","modified_gmt":"2023-07-06T12:14:15","slug":"dans-la-region","status":"publish","type":"page","link":"https:\/\/campingduinhoeve.com\/fr\/dans-la-region\/","title":{"rendered":"Dans la r\u00e9gion"},"content":{"rendered":"<p>Den Helder et ses environs offrent de nombreuses possibilit\u00e9s pour des vacances reposantes. La nature, les mus\u00e9es, les curiosit\u00e9s, mais aussi les d\u00e9licieux repas culinaires \u00e0 Den Helder ou \u00e0 Julianadorp font partie des possibilit\u00e9s.<\/p>\n","protected":false},"excerpt":{"rendered":"<p>Den Helder et ses environs offrent de nombreuses possibilit\u00e9s pour des vacances reposantes. La nature, les mus\u00e9es, les curiosit\u00e9s, mais aussi les d\u00e9licieux repas culinaires \u00e0 Den Helder ou \u00e0 Julianadorp font partie des possibilit\u00e9s.<\/p>\n","protected":false},"author":1,"featured_media":583,"parent":0,"menu_order":24,"comment_status":"closed","ping_status":"closed","template":"","meta":{"_acf_changed":false,"footnotes":""},"class_list":["post-725","page","type-page","status-publish","has-post-thumbnail","hentry"],"acf":[],"yoast_head":"<!-- This site is optimized with the Yoast SEO plugin v25.4 - https:\/\/yoast.com\/wordpress\/plugins\/seo\/ -->\n<title>Dans la r\u00e9gion - Camping Duinhoeve Den Helder<\/title>\n<meta name=\"robots\" content=\"index, follow, max-snippet:-1, max-image-preview:large, max-video-preview:-1\" \/>\n<link rel=\"canonical\" href=\"https:\/\/campingduinhoeve.com\/fr\/dans-la-region\/\" \/>\n<meta property=\"og:locale\" content=\"fr_FR\" \/>\n<meta property=\"og:type\" content=\"article\" \/>\n<meta property=\"og:title\" content=\"Dans la r\u00e9gion - Camping Duinhoeve Den Helder\" \/>\n<meta property=\"og:description\" content=\"Den Helder et ses environs offrent de nombreuses possibilit\u00e9s pour des vacances reposantes. La nature, les mus\u00e9es, les curiosit\u00e9s, mais aussi les d\u00e9licieux repas culinaires \u00e0 Den Helder ou \u00e0 Julianadorp font partie des possibilit\u00e9s.\" \/>\n<meta property=\"og:url\" content=\"https:\/\/campingduinhoeve.com\/fr\/dans-la-region\/\" \/>\n<meta property=\"og:site_name\" content=\"Camping Duinhoeve Den Helder\" \/>\n<meta property=\"article:publisher\" content=\"https:\/\/www.facebook.com\/CampingDuinhoeve\" \/>\n<meta property=\"article:modified_time\" content=\"2023-07-06T12:14:15+00:00\" \/>\n<meta property=\"og:image\" content=\"https:\/\/campingduinhoeve.com\/wp-content\/uploads\/2023\/06\/strand-julianadorp.jpg\" \/>\n\t<meta property=\"og:image:width\" content=\"1920\" \/>\n\t<meta property=\"og:image:height\" content=\"1440\" \/>\n\t<meta property=\"og:image:type\" content=\"image\/jpeg\" \/>\n<meta name=\"twitter:card\" content=\"summary_large_image\" \/>\n<meta name=\"twitter:label1\" content=\"Dur\u00e9e de lecture estim\u00e9e\" \/>\n\t<meta name=\"twitter:data1\" content=\"1 minute\" \/>\n<script type=\"application\/ld+json\" class=\"yoast-schema-graph\">{\"@context\":\"https:\/\/schema.org\",\"@graph\":[{\"@type\":\"WebPage\",\"@id\":\"https:\/\/campingduinhoeve.com\/fr\/dans-la-region\/\",\"url\":\"https:\/\/campingduinhoeve.com\/fr\/dans-la-region\/\",\"name\":\"Dans la r\u00e9gion - Camping Duinhoeve Den Helder\",\"isPartOf\":{\"@id\":\"https:\/\/campingduinhoeve.com\/fr\/#website\"},\"primaryImageOfPage\":{\"@id\":\"https:\/\/campingduinhoeve.com\/fr\/dans-la-region\/#primaryimage\"},\"image\":{\"@id\":\"https:\/\/campingduinhoeve.com\/fr\/dans-la-region\/#primaryimage\"},\"thumbnailUrl\":\"https:\/\/campingduinhoeve.com\/wp-content\/uploads\/2023\/06\/strand-julianadorp.jpg\",\"datePublished\":\"2023-06-12T10:19:12+00:00\",\"dateModified\":\"2023-07-06T12:14:15+00:00\",\"breadcrumb\":{\"@id\":\"https:\/\/campingduinhoeve.com\/fr\/dans-la-region\/#breadcrumb\"},\"inLanguage\":\"fr-FR\",\"potentialAction\":[{\"@type\":\"ReadAction\",\"target\":[\"https:\/\/campingduinhoeve.com\/fr\/dans-la-region\/\"]}]},{\"@type\":\"ImageObject\",\"inLanguage\":\"fr-FR\",\"@id\":\"https:\/\/campingduinhoeve.com\/fr\/dans-la-region\/#primaryimage\",\"url\":\"https:\/\/campingduinhoeve.com\/wp-content\/uploads\/2023\/06\/strand-julianadorp.jpg\",\"contentUrl\":\"https:\/\/campingduinhoeve.com\/wp-content\/uploads\/2023\/06\/strand-julianadorp.jpg\",\"width\":1920,\"height\":1440},{\"@type\":\"BreadcrumbList\",\"@id\":\"https:\/\/campingduinhoeve.com\/fr\/dans-la-region\/#breadcrumb\",\"itemListElement\":[{\"@type\":\"ListItem\",\"position\":1,\"name\":\"Home\",\"item\":\"https:\/\/campingduinhoeve.com\/fr\/\"},{\"@type\":\"ListItem\",\"position\":2,\"name\":\"Dans la r\u00e9gion\"}]},{\"@type\":\"WebSite\",\"@id\":\"https:\/\/campingduinhoeve.com\/fr\/#website\",\"url\":\"https:\/\/campingduinhoeve.com\/fr\/\",\"name\":\"Camping Duinhoeve Den Helder\",\"description\":\"Centraal gelegen minicamping met rust en ruimte\",\"publisher\":{\"@id\":\"https:\/\/campingduinhoeve.com\/fr\/#organization\"},\"alternateName\":\"Minicamping Duinhoeve\",\"potentialAction\":[{\"@type\":\"SearchAction\",\"target\":{\"@type\":\"EntryPoint\",\"urlTemplate\":\"https:\/\/campingduinhoeve.com\/fr\/?s={search_term_string}\"},\"query-input\":{\"@type\":\"PropertyValueSpecification\",\"valueRequired\":true,\"valueName\":\"search_term_string\"}}],\"inLanguage\":\"fr-FR\"},{\"@type\":\"Organization\",\"@id\":\"https:\/\/campingduinhoeve.com\/fr\/#organization\",\"name\":\"Camping Duinhoeve\",\"alternateName\":\"Minicamping Duinhoeve\",\"url\":\"https:\/\/campingduinhoeve.com\/fr\/\",\"logo\":{\"@type\":\"ImageObject\",\"inLanguage\":\"fr-FR\",\"@id\":\"https:\/\/campingduinhoeve.com\/fr\/#\/schema\/logo\/image\/\",\"url\":\"https:\/\/campingduinhoeve.com\/wp-content\/uploads\/2023\/07\/Yoast-1x1-1.jpg\",\"contentUrl\":\"https:\/\/campingduinhoeve.com\/wp-content\/uploads\/2023\/07\/Yoast-1x1-1.jpg\",\"width\":696,\"height\":696,\"caption\":\"Camping Duinhoeve\"},\"image\":{\"@id\":\"https:\/\/campingduinhoeve.com\/fr\/#\/schema\/logo\/image\/\"},\"sameAs\":[\"https:\/\/www.facebook.com\/CampingDuinhoeve\"]}]}<\/script>\n<!-- \/ Yoast SEO plugin. -->","yoast_head_json":{"title":"Dans la r\u00e9gion - Camping Duinhoeve Den Helder","robots":{"index":"index","follow":"follow","max-snippet":"max-snippet:-1","max-image-preview":"max-image-preview:large","max-video-preview":"max-video-preview:-1"},"canonical":"https:\/\/campingduinhoeve.com\/fr\/dans-la-region\/","og_locale":"fr_FR","og_type":"article","og_title":"Dans la r\u00e9gion - Camping Duinhoeve Den Helder","og_description":"Den Helder et ses environs offrent de nombreuses possibilit\u00e9s pour des vacances reposantes. La nature, les mus\u00e9es, les curiosit\u00e9s, mais aussi les d\u00e9licieux repas culinaires \u00e0 Den Helder ou \u00e0 Julianadorp font partie des possibilit\u00e9s.","og_url":"https:\/\/campingduinhoeve.com\/fr\/dans-la-region\/","og_site_name":"Camping Duinhoeve Den Helder","article_publisher":"https:\/\/www.facebook.com\/CampingDuinhoeve","article_modified_time":"2023-07-06T12:14:15+00:00","og_image":[{"width":1920,"height":1440,"url":"https:\/\/campingduinhoeve.com\/wp-content\/uploads\/2023\/06\/strand-julianadorp.jpg","type":"image\/jpeg"}],"twitter_card":"summary_large_image","twitter_misc":{"Dur\u00e9e de lecture estim\u00e9e":"1 minute"},"schema":{"@context":"https:\/\/schema.org","@graph":[{"@type":"WebPage","@id":"https:\/\/campingduinhoeve.com\/fr\/dans-la-region\/","url":"https:\/\/campingduinhoeve.com\/fr\/dans-la-region\/","name":"Dans la r\u00e9gion - Camping Duinhoeve Den Helder","isPartOf":{"@id":"https:\/\/campingduinhoeve.com\/fr\/#website"},"primaryImageOfPage":{"@id":"https:\/\/campingduinhoeve.com\/fr\/dans-la-region\/#primaryimage"},"image":{"@id":"https:\/\/campingduinhoeve.com\/fr\/dans-la-region\/#primaryimage"},"thumbnailUrl":"https:\/\/campingduinhoeve.com\/wp-content\/uploads\/2023\/06\/strand-julianadorp.jpg","datePublished":"2023-06-12T10:19:12+00:00","dateModified":"2023-07-06T12:14:15+00:00","breadcrumb":{"@id":"https:\/\/campingduinhoeve.com\/fr\/dans-la-region\/#breadcrumb"},"inLanguage":"fr-FR","potentialAction":[{"@type":"ReadAction","target":["https:\/\/campingduinhoeve.com\/fr\/dans-la-region\/"]}]},{"@type":"ImageObject","inLanguage":"fr-FR","@id":"https:\/\/campingduinhoeve.com\/fr\/dans-la-region\/#primaryimage","url":"https:\/\/campingduinhoeve.com\/wp-content\/uploads\/2023\/06\/strand-julianadorp.jpg","contentUrl":"https:\/\/campingduinhoeve.com\/wp-content\/uploads\/2023\/06\/strand-julianadorp.jpg","width":1920,"height":1440},{"@type":"BreadcrumbList","@id":"https:\/\/campingduinhoeve.com\/fr\/dans-la-region\/#breadcrumb","itemListElement":[{"@type":"ListItem","position":1,"name":"Home","item":"https:\/\/campingduinhoeve.com\/fr\/"},{"@type":"ListItem","position":2,"name":"Dans la r\u00e9gion"}]},{"@type":"WebSite","@id":"https:\/\/campingduinhoeve.com\/fr\/#website","url":"https:\/\/campingduinhoeve.com\/fr\/","name":"Camping Duinhoeve Den Helder","description":"Centraal gelegen minicamping met rust en ruimte","publisher":{"@id":"https:\/\/campingduinhoeve.com\/fr\/#organization"},"alternateName":"Minicamping Duinhoeve","potentialAction":[{"@type":"SearchAction","target":{"@type":"EntryPoint","urlTemplate":"https:\/\/campingduinhoeve.com\/fr\/?s={search_term_string}"},"query-input":{"@type":"PropertyValueSpecification","valueRequired":true,"valueName":"search_term_string"}}],"inLanguage":"fr-FR"},{"@type":"Organization","@id":"https:\/\/campingduinhoeve.com\/fr\/#organization","name":"Camping Duinhoeve","alternateName":"Minicamping Duinhoeve","url":"https:\/\/campingduinhoeve.com\/fr\/","logo":{"@type":"ImageObject","inLanguage":"fr-FR","@id":"https:\/\/campingduinhoeve.com\/fr\/#\/schema\/logo\/image\/","url":"https:\/\/campingduinhoeve.com\/wp-content\/uploads\/2023\/07\/Yoast-1x1-1.jpg","contentUrl":"https:\/\/campingduinhoeve.com\/wp-content\/uploads\/2023\/07\/Yoast-1x1-1.jpg","width":696,"height":696,"caption":"Camping Duinhoeve"},"image":{"@id":"https:\/\/campingduinhoeve.com\/fr\/#\/schema\/logo\/image\/"},"sameAs":["https:\/\/www.facebook.com\/CampingDuinhoeve"]}]}},"_links":{"self":[{"href":"https:\/\/campingduinhoeve.com\/fr\/wp-json\/wp\/v2\/pages\/725","targetHints":{"allow":["GET"]}}],"collection":[{"href":"https:\/\/campingduinhoeve.com\/fr\/wp-json\/wp\/v2\/pages"}],"about":[{"href":"https:\/\/campingduinhoeve.com\/fr\/wp-json\/wp\/v2\/types\/page"}],"author":[{"embeddable":true,"href":"https:\/\/campingduinhoeve.com\/fr\/wp-json\/wp\/v2\/users\/1"}],"replies":[{"embeddable":true,"href":"https:\/\/campingduinhoeve.com\/fr\/wp-json\/wp\/v2\/comments?post=725"}],"version-history":[{"count":2,"href":"https:\/\/campingduinhoeve.com\/fr\/wp-json\/wp\/v2\/pages\/725\/revisions"}],"predecessor-version":[{"id":820,"href":"https:\/\/campingduinhoeve.com\/fr\/wp-json\/wp\/v2\/pages\/725\/revisions\/820"}],"wp:featuredmedia":[{"embeddable":true,"href":"https:\/\/campingduinhoeve.com\/fr\/wp-json\/wp\/v2\/media\/583"}],"wp:attachment":[{"href":"https:\/\/campingduinhoeve.com\/fr\/wp-json\/wp\/v2\/media?parent=725"}],"curies":[{"name":"wp","href":"https:\/\/api.w.org\/{rel}","templated":true}]}}